{"id":1213,"date":"2018-06-12T06:43:19","date_gmt":"2018-06-12T06:43:19","guid":{"rendered":"http:\/\/www.greta-hessel.de\/Medienagentur\/?page_id=1213"},"modified":"2020-11-01T13:55:05","modified_gmt":"2020-11-01T12:55:05","slug":"neue-datenschutzerklaerung","status":"publish","type":"page","link":"https:\/\/www.greta-hessel.de\/Medienagentur\/neue-datenschutzerklaerung\/","title":{"rendered":"Neue Datenschutzerkl\u00e4rung"},"content":{"rendered":"<header class=\"entry-header\">\n<h1 class=\"entry-title\"><\/h1>\n<\/header>\n<div>\n<p>Verantwortlich im Sinne der Datenschutzgesetzes:<br \/>\nHessel-Kommunikation<br \/>\nLichtentaler Allee 86<br \/>\nBaden-Baden<\/p>\n<p>Datenschutzbeauftragte: Greta Hessel, Lichtentaler Allee 86 in 76530 Baden-Baden<\/p>\n<p>Datenschutz<br \/>\nAls Webseitenbetreiber nehmen wir den Schutz aller pers\u00f6nlichen Daten sehr ernst. Alle personenbezogenen Informationen werden vertraulich und gem\u00e4\u00df den gesetzlichen Vorschriften behandelt, wie in dieser Datenschutzerkl\u00e4rung erl\u00e4utert.<\/p>\n<p>Unserer Webseite kann selbstverst\u00e4ndlich genutzt werden, ohne dass Sie pers\u00f6nliche Daten angeben. Wenn jedoch zu irgendeinem Zeitpunkt pers\u00f6nliche Daten wie z.B. Name, Adresse oder E-Mail abgefragt werden, wird dies auf freiwilliger Basis geschehen. Niemals werden von uns<br \/>\nerhobene Daten ohne Ihre spezielle Genehmigung an Dritte weitergegeben.<\/p>\n<p>Daten\u00fcbertragung im Internet, wie zum Beispiel \u00fcber E-Mail, kann immer Sicherheitsl\u00fccken\u00a0aufweisen. Der komplette Schutz der Daten ist im Internet nicht m\u00f6glich.<\/p>\n<p>Datenschutzerkl\u00e4rung Facebook-Plugins (Like-Button)<br \/>\nAuf unseren Seiten werden Plugins von Facebook genutzt, Anbieter ist die Facebook Inc., 1 Hacker Way, Menlo Park, California 94025, USA. Facebook-Plugins sind mit einem Facebook Logo<br \/>\nmarkiert oder zeigen einen \u201cLike-Button\u201d (\u201cGef\u00e4llt mir\u201d). Mehr Informationen \u00fcber FacebookPlugins finden Sie hier: http:\/\/developers.facebook.com\/docs\/plugins\/.<br \/>\nBeim Besuch unserer Webseite stellt das Plugin eine direkte Verbindung zwischen Ihrem Webbrowser und dem Facebook-Server her. Dabei wird \u00fcbermittelt, dass Sie sich mit Ihrer IP Adresse auf unsere Webseite begeben haben. Wird der Facebook \u201cLike-Button\u201d angeklickt,<br \/>\nw\u00e4hrend Sie in Ihrem Facebook-Account eingeloggt sind, k\u00f6nnen bestimmte Inhalte unserer Webseiten mit Ihrem Facebook-Profil verlinkt werden. In diesem Prozess ist es Facebook m\u00f6glich,\u00a0 ihren Besuch auf unseren Webseiten mit ihrem Benutzerkonto zu speichern. Als<br \/>\nWebseitenbetreiber haben wir keine Informationen dar\u00fcber, welche Daten \u00fcbermittelt werden und wie diese genutzt werden. Mehr Informationen dazu finden Sie hier:<br \/>\nhttp:\/\/de-de.facebook.com\/policy.php.<br \/>\nUm zu vermeiden, dass Facebook Ihren Besuch auf unserer Webseite verfolgt, melden Sie sich bitte vor Nutzung unseres Angebots bei Facebook ab.<\/p>\n<h3>Datenschutzerkl\u00e4rung Google Analytics<\/h3>\n<p>Unsere Website nutzt den Analysedienst Google Analytics, betrieben von Google Inc. 1600 Amphitheatre Parkway Mountain View, CA 94043, USA. Google Analytics nutzt \u201cCookies\u201d, das sind kleine Textdateien, die in Ihrem Browser gespeichert werden und die es erm\u00f6glichen, die<br \/>\nNutzung unserer Website durch die Besucher zu analysieren. Von den Cookies werden Daten \u00fcber Ihre Nutzung unserer Webseite gesammelt, die normalerweise an einen Google-Server in den USA \u00fcbertragen und gespeichert werden.<br \/>\nWenn die IP-Anonymisierung auf unserer Webseite aktiviert wurde, wird Ihre IP-Adresse von Google innerhalb der Mitgliedstaaten der Europ\u00e4ischen Union oder in anderen Vertragsstaaten des Abkommens \u00fcber den Europ\u00e4ischen Wirtschaftsraum vorab gek\u00fcrzt. In seltenen<br \/>\nAusnahmef\u00e4llen kann die komplette IP-Adresse an einen Google Server in den USA \u00fcbertragen werden, dann wird diese dort gek\u00fcrzt. Google nutzt diese Daten in unserem Auftrag, um die Nutzung unserer Website auszuwerten, um Berichte \u00fcber die Webseitenaktivit\u00e4ten zu erstellen<br \/>\nsowie um weitere Dienstleistungen anzubieten, die mit der Webseitennutzung und Internetnutzung zusammenh\u00e4ngen. Die von Google Analytics erfassten IP-Adressen werden nicht mit anderen<br \/>\nDaten von Google korreliert.<\/p>\n<p>Die Speicherung von Cookies kann durch eine spezielle Einstellung in Ihrem Browser verweigert werden. In diesem Fall ist jedoch die Funktionalit\u00e4t unserer Webseite im vollen Umfang nicht<br \/>\ngew\u00e4hrleistet. Zus\u00e4tzlich steht ihnen ein Browser-Plugin zu Verf\u00fcgung, mit dem Sie die Sammlung der auf Ihre Nutzung der Website bezogenen erzeugten Daten und IP-Adressen durch Google verhindern k\u00f6nnen. Mehr Informationen dazu finden Sie hier:<br \/>\nhttp:\/\/tools.google.com\/dlpage\/gaoptout?hl=de<br \/>\nAuskunft, L\u00f6schung, Sperrung<br \/>\nZu jedem Zeitpunkt k\u00f6nnen Sie sich \u00fcber die personenbezogenen Daten, deren Herkunft und Empf\u00e4nger und den Nutzen der Datenverarbeitung informieren und unentgeltlich eine Korrektur, Sperrung oder L\u00f6schung dieser Daten verlangen. Bitte nutzen Sie daf\u00fcr die im Impressum<br \/>\nangegebenen Kontaktwege. F\u00fcr weitere Fragen zum Thema stehen wir Ihnen ebenfalls jederzeit zur Verf\u00fcgung.<\/p>\n<p>Server-Log-Files<br \/>\nDer Seiten-Provider erhebt und speichert automatisch Daten in Server-Log Files, die von Ihrem Browser an uns \u00fcbermittelt werden. Diese Daten enthalten:<br \/>\n\u2013 Browsertyp\/ Browserversion<br \/>\n\u2013 Betriebssystem des Rechners<br \/>\n\u2013 Referrer URL<br \/>\n\u2013 Hostname des zugreifenden Rechners<br \/>\n\u2013 Uhrzeit der Serveranfrage<br \/>\nDiese Daten sind nicht personenbezogen. Es erfolgt keine Zusammenf\u00fchrung dieser Daten mit anderen Datenquellen. Wenn uns konkrete Anhaltspunkte f\u00fcr eine rechtswidrige Nutzung bekannt<br \/>\nwerden behalten wir uns das Recht vor, diese Daten nachtr\u00e4glich zu \u00fcberpr\u00fcfen.<\/p>\n<p>Cookies<br \/>\nViele Internetseiten verwenden Cookies. Cookies sind unsch\u00e4dlich f\u00fcr Ihren Rechner und virenfrei.<br \/>\nSie dienen dazu, Internet-Angebote f\u00fcr die Besucher einer Webseite freundlicher, effektiver und sicherer zu machen. Cookies sind kleine Textdateien, die auf Ihrem Computer abgelegt werden und die Ihr Browser verwendet.<br \/>\nWir verwenden in der Regel so genannte \u201eSession-Cookies\u201c. Diese werden nach Verlassen unserer Seite automatisch gel\u00f6scht. Andere Cookies bleiben auf Ihrem Computer gespeichert, bis Sie diese l\u00f6schen. Diese Cookies helfen dabei, Ihren Rechner beim n\u00e4chsten Besuch<br \/>\nwiederzuerkennen.<br \/>\n\u00dcber die Browsereinstellungen k\u00f6nnen sie festlegen, dass Sie \u00fcber neue Cookies informiert werden und Cookies jeweils annehmen m\u00fcssen. Ebenso k\u00f6nnen Sie die Annahme von Cookies f\u00fcr bestimmte F\u00e4lle oder generell ausschlie\u00dfen oder das automatische L\u00f6schen der Cookies beim<br \/>\nSchlie\u00dfen des Browser aktivieren. Werden Cookies desaktiviert, kann die Funktionalit\u00e4t unserer Website eingeschr\u00e4nkt sein.<\/p>\n<p>\u00c4nderung der Datenschutzbestimmungen<br \/>\nUnsere Datenschutzerkl\u00e4rung k\u00f6nnen in unregelm\u00e4\u00dfigen Abst\u00e4nden angepasst werden, damit sie den aktuellen rechtlichen Anforderungen entsprechen oder um \u00c4nderungen unserer Dienstleistungen umzusetzen, z. B. bei der Einf\u00fcgung neuer Angebote. F\u00fcr Ihren n\u00e4chsten<br \/>\nBesuch gilt dann automatisch die neue Datenschutzerkl\u00e4rung.<\/p>\n<p>Kontakt zum Datenschutzmitarbeiter<br \/>\nF\u00fcr Fragen zum Datenschutz schicken Sie uns bitte eine Nachricht an greta.hessel@t-online.de mit dem Betreff \u201eDatenschutz\u201c.<br \/>\nDiese Widerrufsbelehrung Seite wurde bei Datenschutzerkl\u00e4rungmuster.de erstellt.<\/p>\n<p>Impressum<\/p>\n<p>Daten gem\u00e4\u00df Abschnitt 5 TMG<\/p>\n<p>(Hessel-Kommunikation)<\/p>\n<p>Lichtentaler Allee 86<br \/>\n76530 Baden-Baden<\/p>\n<p>Repr\u00e4sentiert von:<\/p>\n<p>Hessel-Kommunikation, Greta Hessel<\/p>\n<p>Kontaktdaten<\/p>\n<p>Telefon: 072213940363<\/p>\n<p>E-Mail: greta.hessel@t-online.de<\/p>\n<p>Webseite: www.akademie-f\u00fcr-naturtherapie.de<\/p>\n<p>Registriert im regionalen Genossenschaftsregister<\/p>\n<p>Registrierungsnummer: DE 174 889397<\/p>\n<p>Gerichtsstelle: Baden-Baden<\/p>\n<p>Haftungsausschluss<\/p>\n<p>Verantwortlichkeit f\u00fcr Inhalte<\/p>\n<p>Die Inhalte unserer Webseiten wurden unter gr\u00f6\u00dfter Sorgfalt erstellt. Trotzdem k\u00f6nnen wir nicht garantieren, dass der Inhalt aktuell, zuverl\u00e4ssig oder komplett ist. Gem\u00e4\u00df den gesetzlichen Vorschriften sind wir f\u00fcr die selbst erstellten Inhalte\u00a0unserer Webseite\u00a0verantwortlich. In diesem Zusammenhang m\u00f6chten wir klar stellen, das wir nicht verantwortlich sind f\u00fcr Informationen, die von dritten Parteien zur Verf\u00fcgung gestellt oder von diesen gesammelt werden. Wir kontrollieren weder die Informationen, die versand werden, noch verfolgen wir in m\u00f6gliche illegale Aktivit\u00e4ten diesen. Werden illegale Aktivit\u00e4ten festgestellt folgen wir unserer Verpflichtung die entsprechenden Inhalte zu blockieren oder zu l\u00f6schen, entsprechend den Paragraphen 8 bis 10 des Telemedia Acts (TMG).<\/p>\n<p>Verantwortlichkeit f\u00fcr Links<\/p>\n<p>Die Verantwortung f\u00fcr Inhalte von Links Dritter (externe Inhalte) liegt in der Verantwortung der jeweiligen Webseitenbetreiber. Zum Zeitpunkt der Einf\u00fcgung der verwendeten Links auf unseren Seiten wurden keine illegalen Aktivit\u00e4ten in diesen festgestellt. Sobald uns illegale Aktivit\u00e4ten oder Verst\u00f6\u00dfe bekannt werden, werden wir den entsprechenden Link entfernen.<\/p>\n<p>Copyright<\/p>\n<p>Unsere Webseiten und deren Inhalt (Texte, Fotos, Grafiken, Design) unterliegen dem deutschen Urheberrecht. Soweit nicht anderweitig gesetzlich vereinbart unterliegt der Nutzen, die Widergabe, Kopie oder die Ver\u00e4nderung der Inhalte dem Urheberrecht. Ausnahmen m\u00fcssen schriftlich von den Webseitenbetreibern oder Rechteinhabern genehmigt werden. Individuelle Kopien sind nur f\u00fcr den privaten Gebrauch gestattet, sie d\u00fcrfen weder direkt noch indirekt f\u00fcr wirtschaftliche Zwecke genutzt werden. Der nicht genehmigte Nutzen von unter Urheberrecht gesch\u00fctztem Material ist nach Paragraph 106 strafbar.<\/p>\n<p>Diese Impressum wurde erstellt am\u00a0<a href=\"https:\/\/impressumgeneratorenglisch.de\/\" target=\"_blank\" rel=\"noopener noreferrer\">impressumgeneratorenglisch.de<\/a>.<\/p>\n<\/div>\n","protected":false},"excerpt":{"rendered":"<p>Verantwortlich im Sinne der Datenschutzgesetzes: Hessel-Kommunikation Lichtentaler Allee 86 Baden-Baden Datenschutzbeauftragte: Greta Hessel, Lichtentaler Allee 86 in 76530 Baden-Baden Datenschutz Als Webseitenbetreiber nehmen wir den Schutz aller pers\u00f6nlichen Daten sehr ernst. Alle personenbezogenen Informationen werden vertraulich und gem\u00e4\u00df den gesetzlichen Vorschriften behandelt, wie in dieser Datenschutzerkl\u00e4rung erl\u00e4utert. Unserer Webseite kann selbstverst\u00e4ndlich genutzt werden, ohne dass &hellip; <a href=\"https:\/\/www.greta-hessel.de\/Medienagentur\/neue-datenschutzerklaerung\/\" class=\"more-link\"><span class=\"screen-reader-text\">Neue Datenschutzerkl\u00e4rung<\/span> weiterlesen <span class=\"meta-nav\">&rarr;<\/span><\/a><\/p>\n","protected":false},"author":1,"featured_media":0,"parent":0,"menu_order":0,"comment_status":"closed","ping_status":"closed","template":"","meta":{"_exactmetrics_skip_tracking":false,"_exactmetrics_sitenote_active":false,"_exactmetrics_sitenote_note":"","_exactmetrics_sitenote_category":0,"footnotes":""},"class_list":["post-1213","page","type-page","status-publish","hentry"],"_links":{"self":[{"href":"https:\/\/www.greta-hessel.de\/Medienagentur\/wp-json\/wp\/v2\/pages\/1213","targetHints":{"allow":["GET"]}}],"collection":[{"href":"https:\/\/www.greta-hessel.de\/Medienagentur\/wp-json\/wp\/v2\/pages"}],"about":[{"href":"https:\/\/www.greta-hessel.de\/Medienagentur\/wp-json\/wp\/v2\/types\/page"}],"author":[{"embeddable":true,"href":"https:\/\/www.greta-hessel.de\/Medienagentur\/wp-json\/wp\/v2\/users\/1"}],"replies":[{"embeddable":true,"href":"https:\/\/www.greta-hessel.de\/Medienagentur\/wp-json\/wp\/v2\/comments?post=1213"}],"version-history":[{"count":2,"href":"https:\/\/www.greta-hessel.de\/Medienagentur\/wp-json\/wp\/v2\/pages\/1213\/revisions"}],"predecessor-version":[{"id":1615,"href":"https:\/\/www.greta-hessel.de\/Medienagentur\/wp-json\/wp\/v2\/pages\/1213\/revisions\/1615"}],"wp:attachment":[{"href":"https:\/\/www.greta-hessel.de\/Medienagentur\/wp-json\/wp\/v2\/media?parent=1213"}],"curies":[{"name":"wp","href":"https:\/\/api.w.org\/{rel}","templated":true}]}}