{"id":18,"date":"2012-04-08T17:52:29","date_gmt":"2012-04-08T17:52:29","guid":{"rendered":"http:\/\/www.greta-hessel.de\/Medienagentur\/?page_id=18"},"modified":"2024-04-25T09:39:52","modified_gmt":"2024-04-25T07:39:52","slug":"referenzen","status":"publish","type":"page","link":"https:\/\/www.greta-hessel.de\/Medienagentur\/referenzen\/","title":{"rendered":"Referenzen Medienberatung"},"content":{"rendered":"<h6 class=\"entry-title\"><a href=\"http:\/\/www.greta-hessel.de\/Medienagentur\/wp-content\/uploads\/2015\/02\/hulda5-e1423243496776.jpg\"><img decoding=\"async\" class=\"alignleft size-medium wp-image-614 lazyload\" data-src=\"http:\/\/www.greta-hessel.de\/Medienagentur\/wp-content\/uploads\/2015\/02\/hulda5-217x300.jpg\" alt=\"hulda5\" width=\"217\" height=\"300\" src=\"data:image\/svg+xml;base64,PHN2ZyB3aWR0aD0iMSIgaGVpZ2h0PSIxIiB4bWxucz0iaHR0cDovL3d3dy53My5vcmcvMjAwMC9zdmciPjwvc3ZnPg==\" style=\"--smush-placeholder-width: 217px; --smush-placeholder-aspect-ratio: 217\/300;\" \/><\/a><a title=\"Feine Adressen Winter 2009\" href=\"http:\/\/www.greta-hessel.de\/Medienagentur\/?page_id=589\">Feine Adressen Winter 2009, <\/a><br \/><a title=\"Feine Adressen Fr\u00fchjahr 2010\" href=\"http:\/\/www.greta-hessel.de\/Medienagentur\/?page_id=612\">Feine Adressen Fr\u00fchjahr 2010, <\/a><br \/><a title=\"FA Sommer 2010\" href=\"http:\/\/www.greta-hessel.de\/Medienagentur\/?page_id=654\">FA Sommer 2010, <\/a><br \/><a title=\"FA Herbst 2010\" href=\"http:\/\/www.greta-hessel.de\/Medienagentur\/?page_id=688\">FA Herbst 2010, <\/a><br \/><a title=\"FA Winter 2010\" href=\"http:\/\/www.greta-hessel.de\/Medienagentur\/?page_id=736\">FA Winter 2010, <\/a><br \/><a title=\"FA Fr\u00fchjahr 2011\" href=\"http:\/\/www.greta-hessel.de\/Medienagentur\/?page_id=766\">FA Fr\u00fchjahr, 2011, <\/a><br \/><a title=\"FA Sommer 2011\" href=\"http:\/\/www.greta-hessel.de\/Medienagentur\/?page_id=807\">FA Ausgabe Sommer 2011<\/a><\/h6>\n<h3><a href=\"http:\/\/www.greta-hessel.de\/Medienagentur\/wp-content\/uploads\/2012\/04\/Life-Art.3indd.jpg\"><img decoding=\"async\" class=\"alignleft wp-image-866 size-medium lazyload\" data-src=\"http:\/\/www.greta-hessel.de\/Medienagentur\/wp-content\/uploads\/2012\/04\/Life-Art.3indd-212x300.jpg\" alt=\"Life Art.3indd\" width=\"212\" height=\"300\" src=\"data:image\/svg+xml;base64,PHN2ZyB3aWR0aD0iMSIgaGVpZ2h0PSIxIiB4bWxucz0iaHR0cDovL3d3dy53My5vcmcvMjAwMC9zdmciPjwvc3ZnPg==\" style=\"--smush-placeholder-width: 212px; --smush-placeholder-aspect-ratio: 212\/300;\" \/><\/a><\/h3>\n<p><a title=\"Life Art\" href=\"http:\/\/www.greta-hessel.de\/Medienagentur\/?page_id=515\">Life Art<\/a><\/p>\n<h3><a href=\"http:\/\/www.greta-hessel.de\/Medienagentur\/wp-content\/uploads\/2012\/04\/neue-essencia.jpg\"><img decoding=\"async\" class=\"alignleft size-medium wp-image-867 lazyload\" data-src=\"http:\/\/www.greta-hessel.de\/Medienagentur\/wp-content\/uploads\/2012\/04\/neue-essencia-213x300.jpg\" alt=\"neue-essencia\" width=\"213\" height=\"300\" data-srcset=\"https:\/\/www.greta-hessel.de\/Medienagentur\/wp-content\/uploads\/2012\/04\/neue-essencia-213x300.jpg 213w, https:\/\/www.greta-hessel.de\/Medienagentur\/wp-content\/uploads\/2012\/04\/neue-essencia.jpg 480w\" data-sizes=\"(max-width: 213px) 100vw, 213px\" src=\"data:image\/svg+xml;base64,PHN2ZyB3aWR0aD0iMSIgaGVpZ2h0PSIxIiB4bWxucz0iaHR0cDovL3d3dy53My5vcmcvMjAwMC9zdmciPjwvc3ZnPg==\" style=\"--smush-placeholder-width: 213px; --smush-placeholder-aspect-ratio: 213\/300;\" \/><\/a><\/h3>\n<p><a title=\"Essencia\" href=\"http:\/\/www.greta-hessel.de\/Medienagentur\/?page_id=517\">Essencia<\/a><\/p>\n<h3><a href=\"http:\/\/www.greta-hessel.de\/Medienagentur\/wp-content\/uploads\/2012\/04\/gruenes_leben_alleSeitenTeil1.jpg\"><img decoding=\"async\" class=\"alignleft wp-image-868 size-medium lazyload\" data-src=\"http:\/\/www.greta-hessel.de\/Medienagentur\/wp-content\/uploads\/2012\/04\/gruenes_leben_alleSeitenTeil1-212x300.jpg\" alt=\"gruenes_leben_alleSeitenTeil1\" width=\"212\" height=\"300\" data-srcset=\"https:\/\/www.greta-hessel.de\/Medienagentur\/wp-content\/uploads\/2012\/04\/gruenes_leben_alleSeitenTeil1-212x300.jpg 212w, https:\/\/www.greta-hessel.de\/Medienagentur\/wp-content\/uploads\/2012\/04\/gruenes_leben_alleSeitenTeil1.jpg 595w\" data-sizes=\"(max-width: 212px) 100vw, 212px\" src=\"data:image\/svg+xml;base64,PHN2ZyB3aWR0aD0iMSIgaGVpZ2h0PSIxIiB4bWxucz0iaHR0cDovL3d3dy53My5vcmcvMjAwMC9zdmciPjwvc3ZnPg==\" style=\"--smush-placeholder-width: 212px; --smush-placeholder-aspect-ratio: 212\/300;\" \/><\/a><\/h3>\n<p>Gr\u00fcnes Leben<\/p>\n<p><a href=\"http:\/\/www.gruenes-leben.com\">www.gruenes-leben.com<\/a><\/p>\n<h3>\u00a0<\/h3>\n<p><a href=\"http:\/\/www.greta-hessel.de\/Medienagentur\/wp-content\/uploads\/2015\/02\/positionen-e1422898259627.jpg\"><img decoding=\"async\" class=\"alignleft size-medium wp-image-501 lazyload\" data-src=\"http:\/\/www.greta-hessel.de\/Medienagentur\/wp-content\/uploads\/2015\/02\/positionen-248x300.jpg\" alt=\"positionen\" width=\"248\" height=\"300\" src=\"data:image\/svg+xml;base64,PHN2ZyB3aWR0aD0iMSIgaGVpZ2h0PSIxIiB4bWxucz0iaHR0cDovL3d3dy53My5vcmcvMjAwMC9zdmciPjwvc3ZnPg==\" style=\"--smush-placeholder-width: 248px; --smush-placeholder-aspect-ratio: 248\/300;\" \/><\/a>Positionen<\/p>\n<h3>\u00a0<\/h3>\n<h3>\u00a0Texte in <a title=\"Feine Adressen\" href=\"http:\/\/www.greta-hessel.de\/Medienagentur\/?page_id=221\" target=\"_blank\" rel=\"noopener\">FEINE ADRESSEN<\/a><\/h3>\n<p>Freie Journalistin und Bloggerin. Eigener <a href=\"https:\/\/studio.youtube.com\/channel\/UCFfU_m0-Kiud9kzueYy525Q\/videos\/upload?filter=%5B%5D&amp;sort=%7B%22columnType%22%3A%22date%22%2C%22sortOrder%22%3A%22DESCENDING%22%7D\">Youtube-Kanal. <\/a><\/p>\n<p><a class=\"yt-simple-endpoint style-scope ytd-about-channel-renderer\" href=\"http:\/\/www.youtube.com\/@gretahessel1365\">www.youtube.com\/@gretahessel1365. <\/a>Dein Kanal hat in den letzten 28 Tagen 2.108 Aufrufe erzielt. Gesamt: 30.901 Aufrufe.\u00a0<\/p>\n<p>Bewertungsportale: Tripadvisor, <a href=\"https:\/\/accounts.holidaycheck.com\/\">Holidaycheck<\/a>,<\/p>\n<p>Onlinemagazin: Reiseblog f\u00fcr Genie\u00dfer: <a href=\"https:\/\/www.greta-hessel.de\/Medienagentur\/\">https:\/\/www.greta-hessel.de\/Medienagentur\/<\/a><\/p>\n<p>Gesundheitsblog: <a href=\"https:\/\/www.gruenes-leben.com\/\">Gr\u00fcnes Leben<\/a> &#8211; Das Online-Magazin f\u00fcr den gr\u00fcnen Lifestyle.<\/p>\n<p>Ver\u00f6ffentlichungen in folgenden Print-Magazinen:<\/p>\n<p><strong>Autorin:<\/strong><\/p>\n<p>Bild der Frau 1992, Hulda, Sch\u00e4delspalter\/Hannover 1991, LebensArt \/Hannover, Connection 2009, Zeitschrift PHOTOGRAPHIE 1984, Fotoagentur Zefa, Presseportal Open PR, Das Fotoheft,\u00a0 Neue Welt,\u00a0 LEA, Connection, Badische Neueste Nachrichten (BNN), Bild der Frau, Grenzenlos, LebensART, <a title=\"Positionen\" href=\"http:\/\/www.greta-hessel.de\/Medienagentur\/?page_id=500\">POSITIONEN<\/a>, Life Art, <a title=\"Feine Adressen\" href=\"http:\/\/www.greta-hessel.de\/Medienagentur\/?page_id=221\">finest-feine adressen<\/a>, <a href=\"http:\/\/www.gruenes-leben.com\" target=\"_blank\" rel=\"noopener\">Gr\u00fcnes Leben &#8211; fein genie\u00dfen<\/a><\/p>\n<p><strong>Freie redaktionelle Mitarbeiterin:<\/strong><\/p>\n<p>Freizeit Revue, BNN (gh) Baden-Baden 2001, <a href=\"https:\/\/www.greta-hessel.de\/Medienagentur\/positionen\/\">Positionen<\/a> Hannover, Frau Aktuell\/D\u00fcsseldorf 1985,\u00a0<\/p>\n<p><strong>Chefredaktion &amp; Objektleitung<\/strong><\/p>\n<p><a href=\"https:\/\/www.greta-hessel.de\/Medienagentur\/feine-adressen-winter-2009\/\">Feine Adressen\u00a0<\/a>Baden-Baden\/Schwarzwald 2009\/11,\u00a0<a href=\"https:\/\/www.gruenes-leben.com\/\">Gr\u00fcnes Leben,<\/a>\u00a0<a href=\"https:\/\/www.greta-hessel.de\/Medienagentur\/life-art\/\">Life Art,\u00a0<\/a><a href=\"https:\/\/www.greta-hessel.de\/Medienagentur\/essencia\/\">Essencia,<\/a><\/p>\n<p><strong>Mitglied<\/strong><\/p>\n<p>Presseclub Baden-Baden 2004<\/p>\n<p>2005 Vorsitzende des Kreisverbandes Baden-Baden\/Rastatt des S\u00fcdwest-DJV (Deutscher Journalistenverband)<\/p>\n\n\n<p><\/p>\n","protected":false},"excerpt":{"rendered":"<p>Feine Adressen Winter 2009, Feine Adressen Fr\u00fchjahr 2010, FA Sommer 2010, FA Herbst 2010, FA Winter 2010, FA Fr\u00fchjahr, 2011, FA Ausgabe Sommer 2011 Life Art Essencia Gr\u00fcnes Leben www.gruenes-leben.com \u00a0 Positionen \u00a0 \u00a0Texte in FEINE ADRESSEN Freie Journalistin und Bloggerin. Eigener Youtube-Kanal. www.youtube.com\/@gretahessel1365. Dein Kanal hat in den letzten 28 Tagen 2.108 Aufrufe erzielt. &hellip; <a href=\"https:\/\/www.greta-hessel.de\/Medienagentur\/referenzen\/\" class=\"more-link\"><span class=\"screen-reader-text\">Referenzen Medienberatung<\/span> weiterlesen <span class=\"meta-nav\">&rarr;<\/span><\/a><\/p>\n","protected":false},"author":1,"featured_media":0,"parent":0,"menu_order":0,"comment_status":"closed","ping_status":"closed","template":"","meta":{"_exactmetrics_skip_tracking":false,"_exactmetrics_sitenote_active":false,"_exactmetrics_sitenote_note":"","_exactmetrics_sitenote_category":0,"footnotes":""},"class_list":["post-18","page","type-page","status-publish","hentry"],"_links":{"self":[{"href":"https:\/\/www.greta-hessel.de\/Medienagentur\/wp-json\/wp\/v2\/pages\/18","targetHints":{"allow":["GET"]}}],"collection":[{"href":"https:\/\/www.greta-hessel.de\/Medienagentur\/wp-json\/wp\/v2\/pages"}],"about":[{"href":"https:\/\/www.greta-hessel.de\/Medienagentur\/wp-json\/wp\/v2\/types\/page"}],"author":[{"embeddable":true,"href":"https:\/\/www.greta-hessel.de\/Medienagentur\/wp-json\/wp\/v2\/users\/1"}],"replies":[{"embeddable":true,"href":"https:\/\/www.greta-hessel.de\/Medienagentur\/wp-json\/wp\/v2\/comments?post=18"}],"version-history":[{"count":28,"href":"https:\/\/www.greta-hessel.de\/Medienagentur\/wp-json\/wp\/v2\/pages\/18\/revisions"}],"predecessor-version":[{"id":2419,"href":"https:\/\/www.greta-hessel.de\/Medienagentur\/wp-json\/wp\/v2\/pages\/18\/revisions\/2419"}],"wp:attachment":[{"href":"https:\/\/www.greta-hessel.de\/Medienagentur\/wp-json\/wp\/v2\/media?parent=18"}],"curies":[{"name":"wp","href":"https:\/\/api.w.org\/{rel}","templated":true}]}}