{"id":1860,"date":"2023-10-29T09:16:07","date_gmt":"2023-10-29T08:16:07","guid":{"rendered":"https:\/\/www.greta-hessel.de\/Medienagentur\/?page_id=1860"},"modified":"2026-02-10T19:06:01","modified_gmt":"2026-02-10T18:06:01","slug":"reisereportagen-travel-reports","status":"publish","type":"page","link":"https:\/\/www.greta-hessel.de\/Medienagentur\/","title":{"rendered":"Reiseblog f\u00fcr Genie\u00dfer"},"content":{"rendered":"<div class=\"_df_book df-lite\" id=\"df_2747\"  _slug=\"preview-fruehjahr-2026\" data-title=\"preview-fruehjahr-2026\" wpoptions=\"true\" thumb=\"https:\/\/www.greta-hessel.de\/Medienagentur\/wp-content\/uploads\/2026\/02\/Titel.jpg\" thumbtype=\"\" ><\/div><script class=\"df-shortcode-script\" nowprocket type=\"application\/javascript\">window.option_df_2747 = {\"outline\":[],\"autoEnableOutline\":\"false\",\"autoEnableThumbnail\":\"false\",\"overwritePDFOutline\":\"false\",\"direction\":\"1\",\"pageSize\":\"0\",\"source\":\"https:\\\/\\\/www.greta-hessel.de\\\/Medienagentur\\\/wp-content\\\/uploads\\\/2026\\\/02\\\/1-23-Preview.pdf\",\"wpOptions\":\"true\"}; if(window.DFLIP && window.DFLIP.parseBooks){window.DFLIP.parseBooks();}<\/script>\n\n\n<p><\/p>\n\n\n\n<h2 class=\"wp-block-heading has-text-align-center\">Die Reportage<\/h2>\n\n\n\n<p><strong>Reisen aus journalistischer Leidenschaft<\/strong><br>Authentische Reportagen \u00fcber Hotels, Retreats &amp; besondere Orte<br>von <strong>Greta Hessel<\/strong><\/p>\n\n\n\n<p>Ich reise nicht, um Werbung zu machen.<br>Ich reise, um <strong>zu verstehen, zu beobachten und zu erz\u00e4hlen<\/strong>.<\/p>\n\n\n\n<p>Seit vielen Jahren arbeite ich als Autorin und Journalistin und berichte aus renommierten Hotels, Gesundheitsresorts und Genussorten im In- und Ausland.<br>Meine Texte entstehen aus <strong>echter Pr\u00e4senz vor Ort<\/strong> \u2013 aus Gespr\u00e4chen, Atmosph\u00e4re und pers\u00f6nlichen Erfahrungen. &#x1f449; Alle Reportagen auf dieser Website sind <strong>vor Ort recherchiert<\/strong> und beruhen auf realen Aufenthalten.<\/p>\n\n\n\n<p><strong>F\u00fcr wen diese Seite gedacht ist<\/strong><\/p>\n\n\n\n<p>Diese Website richtet sich an:<\/p>\n\n\n\n<ul class=\"wp-block-list\">\n<li>inhabergef\u00fchrte Hotels &amp; Retreats<\/li>\n\n\n\n<li>Wellness- &amp; Gesundheitsh\u00e4user<\/li>\n\n\n\n<li>besondere Genuss- und R\u00fcckzugsorte<\/li>\n\n\n\n<li>H\u00e4user mit Haltung, Geschichte und Pers\u00f6nlichkeit<\/li>\n<\/ul>\n\n\n\n<p>die <strong>keine klassische Werbung<\/strong>, sondern <strong>eine glaubw\u00fcrdige journalistische Perspektive<\/strong> suchen.<\/p>\n\n\n\n<hr class=\"wp-block-separator has-alpha-channel-opacity\"\/>\n\n\n\n<p><strong>Meine Arbeitsweise<\/strong><\/p>\n\n\n\n<p><strong>Journalistische Recherche statt Inszenierung<\/strong><\/p>\n\n\n\n<p>Meine Reportagen entstehen nicht am Schreibtisch, sondern <strong>im Haus selbst<\/strong>:<\/p>\n\n\n\n<ul class=\"wp-block-list\">\n<li>Ankommen, beobachten, zuh\u00f6ren<\/li>\n\n\n\n<li>Gespr\u00e4che mit Gastgebern, K\u00fcche, Mitarbeitenden<\/li>\n\n\n\n<li>Wahrnehmen von Atmosph\u00e4re, Rhythmus und Details<\/li>\n\n\n\n<li>eigene Fotos &amp; Videos, ohne Agentur\u00e4sthetik<\/li>\n<\/ul>\n\n\n\n<p>Ich schreibe <strong>autobiografisch-journalistisch<\/strong> \u2013 pers\u00f6nlich, fundiert und ohne PR-Sprache.<br>Das Ergebnis ist kein Werbetext, sondern eine <strong>Geschichte mit Tiefe<\/strong>, die Leserinnen und Leser ernst nimmt.<\/p>\n\n\n\n<p><\/p>\n\n\n\n<h3 class=\"wp-block-heading has-text-align-center\">Reiseblog: <a href=\"https:\/\/www.greta-hessel.de\/Medienagentur\/aegypten-serenity-makadi-beach-hotel\/\">\u00c4gypten <\/a><\/h3>\n\n\n\n<p>5 Sterne \u00c4gypten: <a href=\"https:\/\/www.greta-hessel.de\/Medienagentur\/aegypten-serenity-makadi-beach-hotel\/\">Serenity Makadi Beach Hotel<\/a> und <a href=\"https:\/\/www.greta-hessel.de\/Medienagentur\/aegypten-steigenberger-makadi-bay\/\">Steigenberger Makadi Bay<\/a>. Neben dem guten Essen, den sch\u00f6nen Zimmern, dem zuvorkommenden Service der lieben Mitarbeiter, hat mich der gr\u00fcne, \u00f6kologische Aspekt positiv \u00fcberrascht. <\/p>\n\n\n\n<h3 class=\"wp-block-heading has-text-align-center\">Reiseblog: <a href=\"https:\/\/www.greta-hessel.de\/Medienagentur\/schweiz-lenkerhof-alpinhotel\/\">Schweiz<\/a><\/h3>\n\n\n\n<p> <a href=\"https:\/\/www.greta-hessel.de\/Medienagentur\/schweiz-lenkerhof-alpinhotel\/\">Lenkerhof<\/a> und <a href=\"https:\/\/www.greta-hessel.de\/Medienagentur\/schweiz-le-vieux-manoir\/\">Le Vieux Monoir <\/a><\/p>\n\n\n\n<h3 class=\"wp-block-heading has-text-align-center\"><a href=\"https:\/\/www.greta-hessel.de\/Medienagentur\/tirol-spa-resorts\/\">Wellness-Oasen in <\/a>\u00d6sterreich:<\/h3>\n\n\n\n<p>Tirol: <a href=\"https:\/\/www.greta-hessel.de\/Medienagentur\/tirol-liebesrotflueh\/\">Liebes Rot Fl\u00fch<\/a>, <a href=\"https:\/\/www.greta-hessel.de\/Medienagentur\/tirol-spa-resorts\/\">Hotel Theresa<\/a> in Zell im Zillertal, Wellnessresort Schwarz, Hotel Schwarzer Adler im Tannheimer Tal,<\/p>\n\n\n\n<h3 class=\"wp-block-heading has-text-align-center\">Italien: <a href=\"https:\/\/www.greta-hessel.de\/Medienagentur\/italien-theiners-garten\/\">Theinersgarten<\/a><\/h3>\n\n\n\n<p>theiner\u2019s garten lebt die Philosophie von Pfarrer Kneipp und integriert die Anwendungen in einer modernen Art und Weise in den Hotelalltag.<br>(Werbung)<\/p>\n\n\n\n<h3 class=\"wp-block-heading has-text-align-center\">Niederlande\/ <a href=\"https:\/\/www.greta-hessel.de\/Medienagentur\/holland-nijmegen\/\">Nijmegen<\/a><\/h3>\n\n\n\n<p>Nijmegen ist eine Stadt in den Niederlanden. Sie ist die gr\u00f6\u00dfte Stadt in der Provinz Gelderland und eine der \u00e4ltesten St\u00e4dte des Landes. <\/p>\n\n\n\n<h3 class=\"wp-block-heading has-text-align-center\">Deutschland \/<\/h3>\n\n\n\n<p><a href=\"https:\/\/www.greta-hessel.de\/Medienagentur\/kleve-am-niederrhein\/\">Kleve<\/a><\/p>\n\n\n\n<p>Norddeutschland:<a href=\"https:\/\/www.greta-hessel.de\/Medienagentur\/cuxhaven\/\"> Cuxhaven<\/a>, Bremerhaven, <a href=\"https:\/\/www.greta-hessel.de\/Medienagentur\/bremen\/\">Bremen,<\/a> <\/p>\n\n\n\n<h3 class=\"wp-block-heading has-text-align-center\"> <a href=\"https:\/\/www.greta-hessel.de\/Medienagentur\/reiseblog\/\">Schwarzwald<\/a><\/h3>\n\n\n\n<p> Hotel Barreis, Hotel Traube Tonbach, Hotel Dollenberg, H\u00fcttenkult, Hotel Sackmann in Baiersbronn, Hotel Langenwaldsee, Hotel Palmenwald in Freudenstadt, der Ortenauer Weinpfad, der Kandelh\u00f6henweg, Hotel Colombi Freiburg, Zehners Stube in Pfaffenweiler, Restaurant Fehrenbach in Hinterzarten, Hotel Schlehdorn am Feldberg, Parkhotel Adler in Hinterzarten, Schwarzer Adler in Oberbergen,<\/p>\n\n\n\n<h3 class=\"wp-block-heading has-text-align-center\">Deutschland\/<a href=\"https:\/\/www.greta-hessel.de\/Medienagentur\/markgraeflerland\/\">Markgr\u00e4flerland<\/a><\/h3>\n\n\n\n<p>F\u00fcnfschilling in Fischingen, B\u00e4ckerei Kotz in M\u00fcllheim, Kreiterhof in Wollbach, Weingut Lampp in Heitersheim, Hotel Tanne in Fischingen, Therme in Badenweiler,  Gr\u00fcner Baum in Badenweiler, Hirschen in Klein-Wiesental, M\u00fchle in Gersbach, Hirschen in Sallneck, Waldhorn in Brombach, Dreil\u00e4nderblick in \u00d6tlingen, B\u00f6ttcherhof in Heitersheim,<\/p>\n\n\n\n<h3 class=\"wp-block-heading\">Bewertungsportale: Tripadvisor:<\/h3>\n\n\n\n<p>Ihre Erfolge<\/p>\n\n\n\n<p>Sie haben&nbsp;<strong>11&nbsp;Bewertungen geschrieben,&nbsp;36&nbsp;Fotos geteilt<\/strong>&nbsp;und&nbsp;<strong>8.599&nbsp;Aufrufe<\/strong>&nbsp;von Reisenden auf der ganzen Welt erhalten.<\/p>\n\n\n\n<h3 class=\"wp-block-heading\">Bewertungsportal:&nbsp;<a href=\"https:\/\/accounts.holidaycheck.com\/\">Holidaycheck<\/a>, Steigenberger <a href=\"https:\/\/www.greta-hessel.de\/Medienagentur\/aegypten-steigenberger-makadi-bay\/\">Makadi <\/a>Hotel, \u00c4gypten<\/h3>\n\n\n\n<p>Neben dem guten Essen, den sch\u00f6nen Zimmern, dem zuvorkommenden Service der lieben Mitarbeiter, hat mich der gr\u00fcne, \u00f6kologische Aspekt positiv \u00fcberrascht. Entgegen meinen \u00c4ngsten konnte ich unbeschwert alle Cocktails mit Eisw\u00fcrfel genie\u00dfen und die Z\u00e4hne mit flie\u00dfendem Wasser putzen, denn das Hotel hat eine eigene Wasseraufbereitungsanlage, in dem das Wasser aus der W\u00fcste sogar recycelt wird. Ich habe ohne Probleme alle k\u00f6stlichen Salate und jegliches frische&nbsp; Obst essen k\u00f6nnen.<\/p>\n\n\n\n<p>Das Hotel hat die Auszeichnung \u201eGreen Star Hotel\u201c. Der General Manager Mister Ayman Anis legt sehr viel Wert auf&nbsp; Nachhaltigkeit und Umweltbewusstsein und ist somit seiner Zeit voraus. Neben Solarenergie, Abfallaufbereitung, Energieeinsparung und umweltfreundlichen Reinigungsmitteln ist das n\u00e4chste Ziel die Vermeidung von Plastikflaschen.<\/p>\n\n\n\n<p>Das Hotel hat f\u00fcnf&nbsp; gr\u00fcne Sterne erreicht, was somit die h\u00f6chste Punktzahl ist und bedeutet, dass sowohl die Gesch\u00e4ftsleitung wie auch die Mitarbeiter h\u00f6chsten Wert legen auf den Schutz von Natur und Umwelt. F\u00fcr mich TOP!!<\/p>\n\n\n\n<figure class=\"wp-block-image size-large\"><img decoding=\"async\" width=\"874\" height=\"1024\" data-src=\"https:\/\/www.greta-hessel.de\/Medienagentur\/wp-content\/uploads\/2023\/11\/2020-06-04-08.44.56-874x1024.jpg\" alt=\"\" class=\"wp-image-2343 lazyload\" data-srcset=\"https:\/\/www.greta-hessel.de\/Medienagentur\/wp-content\/uploads\/2023\/11\/2020-06-04-08.44.56-874x1024.jpg 874w, https:\/\/www.greta-hessel.de\/Medienagentur\/wp-content\/uploads\/2023\/11\/2020-06-04-08.44.56-256x300.jpg 256w, https:\/\/www.greta-hessel.de\/Medienagentur\/wp-content\/uploads\/2023\/11\/2020-06-04-08.44.56-768x900.jpg 768w, https:\/\/www.greta-hessel.de\/Medienagentur\/wp-content\/uploads\/2023\/11\/2020-06-04-08.44.56.jpg 983w\" data-sizes=\"(max-width: 874px) 100vw, 874px\" src=\"data:image\/svg+xml;base64,PHN2ZyB3aWR0aD0iMSIgaGVpZ2h0PSIxIiB4bWxucz0iaHR0cDovL3d3dy53My5vcmcvMjAwMC9zdmciPjwvc3ZnPg==\" style=\"--smush-placeholder-width: 874px; --smush-placeholder-aspect-ratio: 874\/1024;\" \/><\/figure>\n","protected":false},"excerpt":{"rendered":"<p>Die Reportage Reisen aus journalistischer LeidenschaftAuthentische Reportagen \u00fcber Hotels, Retreats &amp; besondere Ortevon Greta Hessel Ich reise nicht, um Werbung zu machen.Ich reise, um zu verstehen, zu beobachten und zu erz\u00e4hlen. Seit vielen Jahren arbeite ich als Autorin und Journalistin und berichte aus renommierten Hotels, Gesundheitsresorts und Genussorten im In- und Ausland.Meine Texte entstehen aus &hellip; <a href=\"https:\/\/www.greta-hessel.de\/Medienagentur\/\" class=\"more-link\"><span class=\"screen-reader-text\">Reiseblog f\u00fcr Genie\u00dfer<\/span> weiterlesen <span class=\"meta-nav\">&rarr;<\/span><\/a><\/p>\n","protected":false},"author":1,"featured_media":0,"parent":0,"menu_order":0,"comment_status":"closed","ping_status":"closed","template":"","meta":{"_exactmetrics_skip_tracking":false,"_exactmetrics_sitenote_active":false,"_exactmetrics_sitenote_note":"","_exactmetrics_sitenote_category":0,"footnotes":""},"class_list":["post-1860","page","type-page","status-publish","hentry"],"_links":{"self":[{"href":"https:\/\/www.greta-hessel.de\/Medienagentur\/wp-json\/wp\/v2\/pages\/1860","targetHints":{"allow":["GET"]}}],"collection":[{"href":"https:\/\/www.greta-hessel.de\/Medienagentur\/wp-json\/wp\/v2\/pages"}],"about":[{"href":"https:\/\/www.greta-hessel.de\/Medienagentur\/wp-json\/wp\/v2\/types\/page"}],"author":[{"embeddable":true,"href":"https:\/\/www.greta-hessel.de\/Medienagentur\/wp-json\/wp\/v2\/users\/1"}],"replies":[{"embeddable":true,"href":"https:\/\/www.greta-hessel.de\/Medienagentur\/wp-json\/wp\/v2\/comments?post=1860"}],"version-history":[{"count":73,"href":"https:\/\/www.greta-hessel.de\/Medienagentur\/wp-json\/wp\/v2\/pages\/1860\/revisions"}],"predecessor-version":[{"id":2753,"href":"https:\/\/www.greta-hessel.de\/Medienagentur\/wp-json\/wp\/v2\/pages\/1860\/revisions\/2753"}],"wp:attachment":[{"href":"https:\/\/www.greta-hessel.de\/Medienagentur\/wp-json\/wp\/v2\/media?parent=1860"}],"curies":[{"name":"wp","href":"https:\/\/api.w.org\/{rel}","templated":true}]}}