{"id":2454,"date":"2024-05-16T19:19:31","date_gmt":"2024-05-16T17:19:31","guid":{"rendered":"https:\/\/www.greta-hessel.de\/Medienagentur\/?page_id=2454"},"modified":"2024-05-17T19:07:20","modified_gmt":"2024-05-17T17:07:20","slug":"cuxhaven","status":"publish","type":"page","link":"https:\/\/www.greta-hessel.de\/Medienagentur\/cuxhaven\/","title":{"rendered":"Cuxhaven"},"content":{"rendered":"\n<p><strong>Cuxhaven<\/strong>\u00a0ist eine Stadt an der M\u00fcndung der Elbe in die Nordsee. Sie liegt in Niedersachsen und ist bekannt f\u00fcr ihr einzigartiges\u00a0<strong>maritimes Flair<\/strong>, kilometerlange Str\u00e4nde und das faszinierende\u00a0<strong>Wattenmeer<\/strong>. Hier kannst du am Strand spazieren, die Strandpromenade entlang bummeln und im\u00a0<strong>Thalassozentrum ahoi!<\/strong>\u00a0die Heilkr\u00e4fte des Meeres genie\u00dfen. Au\u00dferdem lockt Cuxhaven mit Seer\u00e4ubergeschichten, Hafenflair und der M\u00f6glichkeit, Schiffe zu entdecken.\u00a0<a href=\"https:\/\/www.bing.com\/aclick?ld=e8yLevBEAoyU-LXHDRGtVOZDVUCUzRZT91WJJiLTw3eNv8LKvsBcoGpJAX3lnGYu88ZkV4F1OL2Ymrraxgq4u4Gs__Pp2euLt8-XoXdHu7u54AZFytcev1VQ66UXHx9N2-p5zC58lNN0shsz_drjvCu7zycE4tpbiiFl0PQoT63NtjWImB&amp;u=aHR0cCUzYSUyZiUyZnd3dy5ib29raW5nLmNvbSUyZmNpdHklMmZkZSUyZmN1eGhhdmVuLmRlLmh0bWwlM2ZhaWQlM2QzNDkwMTUlMjZwYWdlbmFtZSUzZGNpdHktY3V4aGF2ZW4lMjZsYWJlbCUzZG1zbi1vQVZGMWFWQzIxKnJUZWg5ZU92cGl3LTgwMTk1ODAyNTMwMzg0JTNhdGlrd2QtODAxOTU5NTcxMjI2NjclM2Fsb2MtNzIlM2FuZW8lM2FtdGUlM2FscDEzMDkzNyUzYWRlYyUzYXFzQ3V4aGF2ZW4lMjZ1dG1fY2FtcGFpZ24lM2RHZXJtYW55JTI2dXRtX21lZGl1bSUzZGNwYyUyNnV0bV9zb3VyY2UlM2RiaW5nJTI2dXRtX3Rlcm0lM2RvQVZGMWFWQzIxKnJUZWg5ZU92cGl3JTI2bXNjbGtpZCUzZGMxNTliNjQxMGIyNzE3MWI1YzA4ZDAwNjg2MTkxZWZmJTI2dXRtX2NvbnRlbnQlM2RDdXhoYXZlbiUyNTIwLSUyNTIwVUZJJTI1M0EtMTc1Njk3Ng&amp;rlid=c159b6410b27171b5c08d00686191eff\" target=\"_blank\" rel=\"noreferrer noopener\">Elf Ortsteile bieten einen abwechslungsreichen Urlaub voller Badespa\u00df, Strandidylle, Wattwanderungen und Naturerlebnissen<\/a><a href=\"https:\/\/www.nordseeheilbad-cuxhaven.de\/\" target=\"_blank\" rel=\"noreferrer noopener\"><sup>1<\/sup><\/a><a href=\"https:\/\/www.cuxhaven.de\/\" target=\"_blank\" rel=\"noreferrer noopener\"><sup>2<\/sup><\/a>.<\/p>\n\n\n\n<p><a href=\"https:\/\/www.nordseeheilbad-cuxhaven.de\/\">Nordseeheilbad Cuxhaven | Offizielle Seite f\u00fcr Ihren Urlaub (nordseeheilbad-cuxhaven.de)<\/a>, <a href=\"https:\/\/www.cuxhaven.de\/\">https:\/\/www.cuxhaven.de\/<\/a><\/p>\n\n\n\n<figure class=\"wp-block-gallery has-nested-images columns-default is-cropped wp-block-gallery-2 is-layout-flex wp-block-gallery-is-layout-flex\">\n<figure class=\"wp-block-image size-large\"><img decoding=\"async\" width=\"910\" height=\"1024\" data-id=\"2463\" data-src=\"https:\/\/www.greta-hessel.de\/Medienagentur\/wp-content\/uploads\/2024\/05\/IMG_20240510_135458_edit_409432934013564-910x1024.jpg\" alt=\"\" class=\"wp-image-2463 lazyload\" data-srcset=\"https:\/\/www.greta-hessel.de\/Medienagentur\/wp-content\/uploads\/2024\/05\/IMG_20240510_135458_edit_409432934013564-910x1024.jpg 910w, https:\/\/www.greta-hessel.de\/Medienagentur\/wp-content\/uploads\/2024\/05\/IMG_20240510_135458_edit_409432934013564-267x300.jpg 267w, https:\/\/www.greta-hessel.de\/Medienagentur\/wp-content\/uploads\/2024\/05\/IMG_20240510_135458_edit_409432934013564-768x864.jpg 768w, https:\/\/www.greta-hessel.de\/Medienagentur\/wp-content\/uploads\/2024\/05\/IMG_20240510_135458_edit_409432934013564-1365x1536.jpg 1365w, https:\/\/www.greta-hessel.de\/Medienagentur\/wp-content\/uploads\/2024\/05\/IMG_20240510_135458_edit_409432934013564-1820x2048.jpg 1820w\" data-sizes=\"(max-width: 910px) 100vw, 910px\" src=\"data:image\/svg+xml;base64,PHN2ZyB3aWR0aD0iMSIgaGVpZ2h0PSIxIiB4bWxucz0iaHR0cDovL3d3dy53My5vcmcvMjAwMC9zdmciPjwvc3ZnPg==\" style=\"--smush-placeholder-width: 910px; --smush-placeholder-aspect-ratio: 910\/1024;\" \/><\/figure>\n\n\n\n<figure class=\"wp-block-image size-large\"><img decoding=\"async\" width=\"1024\" height=\"768\" data-id=\"2460\" data-src=\"https:\/\/www.greta-hessel.de\/Medienagentur\/wp-content\/uploads\/2024\/05\/IMG_20240510_142105-1024x768.jpg\" alt=\"\" class=\"wp-image-2460 lazyload\" data-srcset=\"https:\/\/www.greta-hessel.de\/Medienagentur\/wp-content\/uploads\/2024\/05\/IMG_20240510_142105-1024x768.jpg 1024w, https:\/\/www.greta-hessel.de\/Medienagentur\/wp-content\/uploads\/2024\/05\/IMG_20240510_142105-300x225.jpg 300w, https:\/\/www.greta-hessel.de\/Medienagentur\/wp-content\/uploads\/2024\/05\/IMG_20240510_142105-768x576.jpg 768w, https:\/\/www.greta-hessel.de\/Medienagentur\/wp-content\/uploads\/2024\/05\/IMG_20240510_142105-1536x1152.jpg 1536w, https:\/\/www.greta-hessel.de\/Medienagentur\/wp-content\/uploads\/2024\/05\/IMG_20240510_142105-2048x1536.jpg 2048w\" data-sizes=\"(max-width: 1024px) 100vw, 1024px\" src=\"data:image\/svg+xml;base64,PHN2ZyB3aWR0aD0iMSIgaGVpZ2h0PSIxIiB4bWxucz0iaHR0cDovL3d3dy53My5vcmcvMjAwMC9zdmciPjwvc3ZnPg==\" style=\"--smush-placeholder-width: 1024px; --smush-placeholder-aspect-ratio: 1024\/768;\" \/><\/figure>\n\n\n\n<figure class=\"wp-block-image size-large\"><img decoding=\"async\" width=\"1024\" height=\"617\" data-id=\"2459\" data-src=\"https:\/\/www.greta-hessel.de\/Medienagentur\/wp-content\/uploads\/2024\/05\/IMG_20240510_143224_edit_409386536281800-1024x617.jpg\" alt=\"\" class=\"wp-image-2459 lazyload\" data-srcset=\"https:\/\/www.greta-hessel.de\/Medienagentur\/wp-content\/uploads\/2024\/05\/IMG_20240510_143224_edit_409386536281800-1024x617.jpg 1024w, https:\/\/www.greta-hessel.de\/Medienagentur\/wp-content\/uploads\/2024\/05\/IMG_20240510_143224_edit_409386536281800-300x181.jpg 300w, https:\/\/www.greta-hessel.de\/Medienagentur\/wp-content\/uploads\/2024\/05\/IMG_20240510_143224_edit_409386536281800-768x463.jpg 768w, https:\/\/www.greta-hessel.de\/Medienagentur\/wp-content\/uploads\/2024\/05\/IMG_20240510_143224_edit_409386536281800-1536x925.jpg 1536w, https:\/\/www.greta-hessel.de\/Medienagentur\/wp-content\/uploads\/2024\/05\/IMG_20240510_143224_edit_409386536281800-2048x1234.jpg 2048w\" data-sizes=\"(max-width: 1024px) 100vw, 1024px\" src=\"data:image\/svg+xml;base64,PHN2ZyB3aWR0aD0iMSIgaGVpZ2h0PSIxIiB4bWxucz0iaHR0cDovL3d3dy53My5vcmcvMjAwMC9zdmciPjwvc3ZnPg==\" style=\"--smush-placeholder-width: 1024px; --smush-placeholder-aspect-ratio: 1024\/617;\" \/><\/figure>\n\n\n\n<figure class=\"wp-block-image size-large\"><img decoding=\"async\" width=\"1016\" height=\"1024\" data-id=\"2457\" data-src=\"https:\/\/www.greta-hessel.de\/Medienagentur\/wp-content\/uploads\/2024\/05\/IMG_20240510_173239-1016x1024.jpg\" alt=\"\" class=\"wp-image-2457 lazyload\" data-srcset=\"https:\/\/www.greta-hessel.de\/Medienagentur\/wp-content\/uploads\/2024\/05\/IMG_20240510_173239-1016x1024.jpg 1016w, https:\/\/www.greta-hessel.de\/Medienagentur\/wp-content\/uploads\/2024\/05\/IMG_20240510_173239-298x300.jpg 298w, https:\/\/www.greta-hessel.de\/Medienagentur\/wp-content\/uploads\/2024\/05\/IMG_20240510_173239-150x150.jpg 150w, https:\/\/www.greta-hessel.de\/Medienagentur\/wp-content\/uploads\/2024\/05\/IMG_20240510_173239-768x774.jpg 768w, https:\/\/www.greta-hessel.de\/Medienagentur\/wp-content\/uploads\/2024\/05\/IMG_20240510_173239-1524x1536.jpg 1524w, https:\/\/www.greta-hessel.de\/Medienagentur\/wp-content\/uploads\/2024\/05\/IMG_20240510_173239.jpg 1632w\" data-sizes=\"(max-width: 1016px) 100vw, 1016px\" src=\"data:image\/svg+xml;base64,PHN2ZyB3aWR0aD0iMSIgaGVpZ2h0PSIxIiB4bWxucz0iaHR0cDovL3d3dy53My5vcmcvMjAwMC9zdmciPjwvc3ZnPg==\" style=\"--smush-placeholder-width: 1016px; --smush-placeholder-aspect-ratio: 1016\/1024;\" \/><\/figure>\n\n\n\n<figure class=\"wp-block-image size-large\"><img decoding=\"async\" width=\"1024\" height=\"768\" data-id=\"2471\" data-src=\"https:\/\/www.greta-hessel.de\/Medienagentur\/wp-content\/uploads\/2024\/05\/IMG_20240511_141346-1024x768.jpg\" alt=\"\" class=\"wp-image-2471 lazyload\" data-srcset=\"https:\/\/www.greta-hessel.de\/Medienagentur\/wp-content\/uploads\/2024\/05\/IMG_20240511_141346-1024x768.jpg 1024w, https:\/\/www.greta-hessel.de\/Medienagentur\/wp-content\/uploads\/2024\/05\/IMG_20240511_141346-300x225.jpg 300w, https:\/\/www.greta-hessel.de\/Medienagentur\/wp-content\/uploads\/2024\/05\/IMG_20240511_141346-768x576.jpg 768w, https:\/\/www.greta-hessel.de\/Medienagentur\/wp-content\/uploads\/2024\/05\/IMG_20240511_141346-1536x1152.jpg 1536w, https:\/\/www.greta-hessel.de\/Medienagentur\/wp-content\/uploads\/2024\/05\/IMG_20240511_141346-2048x1536.jpg 2048w\" data-sizes=\"(max-width: 1024px) 100vw, 1024px\" src=\"data:image\/svg+xml;base64,PHN2ZyB3aWR0aD0iMSIgaGVpZ2h0PSIxIiB4bWxucz0iaHR0cDovL3d3dy53My5vcmcvMjAwMC9zdmciPjwvc3ZnPg==\" style=\"--smush-placeholder-width: 1024px; --smush-placeholder-aspect-ratio: 1024\/768;\" \/><\/figure>\n\n\n\n<figure class=\"wp-block-image size-large\"><img decoding=\"async\" width=\"1024\" height=\"768\" data-id=\"2458\" data-src=\"https:\/\/www.greta-hessel.de\/Medienagentur\/wp-content\/uploads\/2024\/05\/IMG_20240511_141857-1024x768.jpg\" alt=\"\" class=\"wp-image-2458 lazyload\" data-srcset=\"https:\/\/www.greta-hessel.de\/Medienagentur\/wp-content\/uploads\/2024\/05\/IMG_20240511_141857-1024x768.jpg 1024w, https:\/\/www.greta-hessel.de\/Medienagentur\/wp-content\/uploads\/2024\/05\/IMG_20240511_141857-300x225.jpg 300w, https:\/\/www.greta-hessel.de\/Medienagentur\/wp-content\/uploads\/2024\/05\/IMG_20240511_141857-768x576.jpg 768w, https:\/\/www.greta-hessel.de\/Medienagentur\/wp-content\/uploads\/2024\/05\/IMG_20240511_141857-1536x1152.jpg 1536w, https:\/\/www.greta-hessel.de\/Medienagentur\/wp-content\/uploads\/2024\/05\/IMG_20240511_141857-2048x1536.jpg 2048w\" data-sizes=\"(max-width: 1024px) 100vw, 1024px\" src=\"data:image\/svg+xml;base64,PHN2ZyB3aWR0aD0iMSIgaGVpZ2h0PSIxIiB4bWxucz0iaHR0cDovL3d3dy53My5vcmcvMjAwMC9zdmciPjwvc3ZnPg==\" style=\"--smush-placeholder-width: 1024px; --smush-placeholder-aspect-ratio: 1024\/768;\" \/><\/figure>\n\n\n\n<figure class=\"wp-block-image size-large\"><img decoding=\"async\" width=\"1024\" height=\"768\" data-id=\"2461\" data-src=\"https:\/\/www.greta-hessel.de\/Medienagentur\/wp-content\/uploads\/2024\/05\/IMG_20240511_142020-1024x768.jpg\" alt=\"\" class=\"wp-image-2461 lazyload\" data-srcset=\"https:\/\/www.greta-hessel.de\/Medienagentur\/wp-content\/uploads\/2024\/05\/IMG_20240511_142020-1024x768.jpg 1024w, https:\/\/www.greta-hessel.de\/Medienagentur\/wp-content\/uploads\/2024\/05\/IMG_20240511_142020-300x225.jpg 300w, https:\/\/www.greta-hessel.de\/Medienagentur\/wp-content\/uploads\/2024\/05\/IMG_20240511_142020-768x576.jpg 768w, https:\/\/www.greta-hessel.de\/Medienagentur\/wp-content\/uploads\/2024\/05\/IMG_20240511_142020-1536x1152.jpg 1536w, https:\/\/www.greta-hessel.de\/Medienagentur\/wp-content\/uploads\/2024\/05\/IMG_20240511_142020-2048x1536.jpg 2048w\" data-sizes=\"(max-width: 1024px) 100vw, 1024px\" src=\"data:image\/svg+xml;base64,PHN2ZyB3aWR0aD0iMSIgaGVpZ2h0PSIxIiB4bWxucz0iaHR0cDovL3d3dy53My5vcmcvMjAwMC9zdmciPjwvc3ZnPg==\" style=\"--smush-placeholder-width: 1024px; --smush-placeholder-aspect-ratio: 1024\/768;\" \/><\/figure>\n\n\n\n<figure class=\"wp-block-image size-large\"><img decoding=\"async\" width=\"1024\" height=\"768\" data-id=\"2465\" data-src=\"https:\/\/www.greta-hessel.de\/Medienagentur\/wp-content\/uploads\/2024\/05\/IMG_20240511_142223-1024x768.jpg\" alt=\"\" class=\"wp-image-2465 lazyload\" data-srcset=\"https:\/\/www.greta-hessel.de\/Medienagentur\/wp-content\/uploads\/2024\/05\/IMG_20240511_142223-1024x768.jpg 1024w, https:\/\/www.greta-hessel.de\/Medienagentur\/wp-content\/uploads\/2024\/05\/IMG_20240511_142223-300x225.jpg 300w, https:\/\/www.greta-hessel.de\/Medienagentur\/wp-content\/uploads\/2024\/05\/IMG_20240511_142223-768x576.jpg 768w, https:\/\/www.greta-hessel.de\/Medienagentur\/wp-content\/uploads\/2024\/05\/IMG_20240511_142223-1536x1152.jpg 1536w, https:\/\/www.greta-hessel.de\/Medienagentur\/wp-content\/uploads\/2024\/05\/IMG_20240511_142223-2048x1536.jpg 2048w\" data-sizes=\"(max-width: 1024px) 100vw, 1024px\" src=\"data:image\/svg+xml;base64,PHN2ZyB3aWR0aD0iMSIgaGVpZ2h0PSIxIiB4bWxucz0iaHR0cDovL3d3dy53My5vcmcvMjAwMC9zdmciPjwvc3ZnPg==\" style=\"--smush-placeholder-width: 1024px; --smush-placeholder-aspect-ratio: 1024\/768;\" \/><\/figure>\n\n\n\n<figure class=\"wp-block-image size-large\"><img decoding=\"async\" width=\"1024\" height=\"768\" data-id=\"2468\" data-src=\"https:\/\/www.greta-hessel.de\/Medienagentur\/wp-content\/uploads\/2024\/05\/IMG_20240511_145013-1024x768.jpg\" alt=\"\" class=\"wp-image-2468 lazyload\" data-srcset=\"https:\/\/www.greta-hessel.de\/Medienagentur\/wp-content\/uploads\/2024\/05\/IMG_20240511_145013-1024x768.jpg 1024w, https:\/\/www.greta-hessel.de\/Medienagentur\/wp-content\/uploads\/2024\/05\/IMG_20240511_145013-300x225.jpg 300w, https:\/\/www.greta-hessel.de\/Medienagentur\/wp-content\/uploads\/2024\/05\/IMG_20240511_145013-768x576.jpg 768w, https:\/\/www.greta-hessel.de\/Medienagentur\/wp-content\/uploads\/2024\/05\/IMG_20240511_145013-1536x1152.jpg 1536w, https:\/\/www.greta-hessel.de\/Medienagentur\/wp-content\/uploads\/2024\/05\/IMG_20240511_145013-2048x1536.jpg 2048w\" data-sizes=\"(max-width: 1024px) 100vw, 1024px\" src=\"data:image\/svg+xml;base64,PHN2ZyB3aWR0aD0iMSIgaGVpZ2h0PSIxIiB4bWxucz0iaHR0cDovL3d3dy53My5vcmcvMjAwMC9zdmciPjwvc3ZnPg==\" style=\"--smush-placeholder-width: 1024px; --smush-placeholder-aspect-ratio: 1024\/768;\" \/><\/figure>\n\n\n\n<figure class=\"wp-block-image size-large\"><img decoding=\"async\" width=\"768\" height=\"1024\" data-id=\"2467\" data-src=\"https:\/\/www.greta-hessel.de\/Medienagentur\/wp-content\/uploads\/2024\/05\/IMG_20240511_145441-768x1024.jpg\" alt=\"\" class=\"wp-image-2467 lazyload\" data-srcset=\"https:\/\/www.greta-hessel.de\/Medienagentur\/wp-content\/uploads\/2024\/05\/IMG_20240511_145441-768x1024.jpg 768w, https:\/\/www.greta-hessel.de\/Medienagentur\/wp-content\/uploads\/2024\/05\/IMG_20240511_145441-225x300.jpg 225w, https:\/\/www.greta-hessel.de\/Medienagentur\/wp-content\/uploads\/2024\/05\/IMG_20240511_145441-1152x1536.jpg 1152w, https:\/\/www.greta-hessel.de\/Medienagentur\/wp-content\/uploads\/2024\/05\/IMG_20240511_145441-1536x2048.jpg 1536w, https:\/\/www.greta-hessel.de\/Medienagentur\/wp-content\/uploads\/2024\/05\/IMG_20240511_145441-scaled.jpg 1920w\" data-sizes=\"(max-width: 768px) 100vw, 768px\" src=\"data:image\/svg+xml;base64,PHN2ZyB3aWR0aD0iMSIgaGVpZ2h0PSIxIiB4bWxucz0iaHR0cDovL3d3dy53My5vcmcvMjAwMC9zdmciPjwvc3ZnPg==\" style=\"--smush-placeholder-width: 768px; --smush-placeholder-aspect-ratio: 768\/1024;\" \/><\/figure>\n\n\n\n<figure class=\"wp-block-image size-large\"><img decoding=\"async\" width=\"1024\" height=\"768\" data-id=\"2466\" data-src=\"https:\/\/www.greta-hessel.de\/Medienagentur\/wp-content\/uploads\/2024\/05\/IMG_20240511_184755-1024x768.jpg\" alt=\"\" class=\"wp-image-2466 lazyload\" data-srcset=\"https:\/\/www.greta-hessel.de\/Medienagentur\/wp-content\/uploads\/2024\/05\/IMG_20240511_184755-1024x768.jpg 1024w, https:\/\/www.greta-hessel.de\/Medienagentur\/wp-content\/uploads\/2024\/05\/IMG_20240511_184755-300x225.jpg 300w, https:\/\/www.greta-hessel.de\/Medienagentur\/wp-content\/uploads\/2024\/05\/IMG_20240511_184755-768x576.jpg 768w, https:\/\/www.greta-hessel.de\/Medienagentur\/wp-content\/uploads\/2024\/05\/IMG_20240511_184755-1536x1152.jpg 1536w, https:\/\/www.greta-hessel.de\/Medienagentur\/wp-content\/uploads\/2024\/05\/IMG_20240511_184755-2048x1536.jpg 2048w\" data-sizes=\"(max-width: 1024px) 100vw, 1024px\" src=\"data:image\/svg+xml;base64,PHN2ZyB3aWR0aD0iMSIgaGVpZ2h0PSIxIiB4bWxucz0iaHR0cDovL3d3dy53My5vcmcvMjAwMC9zdmciPjwvc3ZnPg==\" style=\"--smush-placeholder-width: 1024px; --smush-placeholder-aspect-ratio: 1024\/768;\" \/><\/figure>\n\n\n\n<figure class=\"wp-block-image size-large\"><img decoding=\"async\" width=\"1024\" height=\"768\" data-id=\"2470\" data-src=\"https:\/\/www.greta-hessel.de\/Medienagentur\/wp-content\/uploads\/2024\/05\/IMG_20240511_185136-1024x768.jpg\" alt=\"\" class=\"wp-image-2470 lazyload\" data-srcset=\"https:\/\/www.greta-hessel.de\/Medienagentur\/wp-content\/uploads\/2024\/05\/IMG_20240511_185136-1024x768.jpg 1024w, https:\/\/www.greta-hessel.de\/Medienagentur\/wp-content\/uploads\/2024\/05\/IMG_20240511_185136-300x225.jpg 300w, https:\/\/www.greta-hessel.de\/Medienagentur\/wp-content\/uploads\/2024\/05\/IMG_20240511_185136-768x576.jpg 768w, https:\/\/www.greta-hessel.de\/Medienagentur\/wp-content\/uploads\/2024\/05\/IMG_20240511_185136-1536x1152.jpg 1536w, https:\/\/www.greta-hessel.de\/Medienagentur\/wp-content\/uploads\/2024\/05\/IMG_20240511_185136-2048x1536.jpg 2048w\" data-sizes=\"(max-width: 1024px) 100vw, 1024px\" src=\"data:image\/svg+xml;base64,PHN2ZyB3aWR0aD0iMSIgaGVpZ2h0PSIxIiB4bWxucz0iaHR0cDovL3d3dy53My5vcmcvMjAwMC9zdmciPjwvc3ZnPg==\" style=\"--smush-placeholder-width: 1024px; --smush-placeholder-aspect-ratio: 1024\/768;\" \/><\/figure>\n\n\n\n<figure class=\"wp-block-image size-large\"><img decoding=\"async\" width=\"1024\" height=\"289\" data-id=\"2462\" data-src=\"https:\/\/www.greta-hessel.de\/Medienagentur\/wp-content\/uploads\/2024\/05\/IMG_20240515_200228_edit_409523437731779-1024x289.jpg\" alt=\"\" class=\"wp-image-2462 lazyload\" data-srcset=\"https:\/\/www.greta-hessel.de\/Medienagentur\/wp-content\/uploads\/2024\/05\/IMG_20240515_200228_edit_409523437731779-1024x289.jpg 1024w, https:\/\/www.greta-hessel.de\/Medienagentur\/wp-content\/uploads\/2024\/05\/IMG_20240515_200228_edit_409523437731779-300x85.jpg 300w, https:\/\/www.greta-hessel.de\/Medienagentur\/wp-content\/uploads\/2024\/05\/IMG_20240515_200228_edit_409523437731779-768x217.jpg 768w, https:\/\/www.greta-hessel.de\/Medienagentur\/wp-content\/uploads\/2024\/05\/IMG_20240515_200228_edit_409523437731779-1536x433.jpg 1536w, https:\/\/www.greta-hessel.de\/Medienagentur\/wp-content\/uploads\/2024\/05\/IMG_20240515_200228_edit_409523437731779-2048x578.jpg 2048w\" data-sizes=\"(max-width: 1024px) 100vw, 1024px\" src=\"data:image\/svg+xml;base64,PHN2ZyB3aWR0aD0iMSIgaGVpZ2h0PSIxIiB4bWxucz0iaHR0cDovL3d3dy53My5vcmcvMjAwMC9zdmciPjwvc3ZnPg==\" style=\"--smush-placeholder-width: 1024px; --smush-placeholder-aspect-ratio: 1024\/289;\" \/><\/figure>\n\n\n\n<figure class=\"wp-block-image size-large\"><img decoding=\"async\" width=\"1024\" height=\"459\" data-id=\"2469\" data-src=\"https:\/\/www.greta-hessel.de\/Medienagentur\/wp-content\/uploads\/2024\/05\/IMG_20240515_200346-1024x459.jpg\" alt=\"\" class=\"wp-image-2469 lazyload\" data-srcset=\"https:\/\/www.greta-hessel.de\/Medienagentur\/wp-content\/uploads\/2024\/05\/IMG_20240515_200346-1024x459.jpg 1024w, https:\/\/www.greta-hessel.de\/Medienagentur\/wp-content\/uploads\/2024\/05\/IMG_20240515_200346-300x134.jpg 300w, https:\/\/www.greta-hessel.de\/Medienagentur\/wp-content\/uploads\/2024\/05\/IMG_20240515_200346-768x344.jpg 768w, https:\/\/www.greta-hessel.de\/Medienagentur\/wp-content\/uploads\/2024\/05\/IMG_20240515_200346-1536x688.jpg 1536w, https:\/\/www.greta-hessel.de\/Medienagentur\/wp-content\/uploads\/2024\/05\/IMG_20240515_200346-2048x917.jpg 2048w, https:\/\/www.greta-hessel.de\/Medienagentur\/wp-content\/uploads\/2024\/05\/IMG_20240515_200346-604x270.jpg 604w\" data-sizes=\"(max-width: 1024px) 100vw, 1024px\" src=\"data:image\/svg+xml;base64,PHN2ZyB3aWR0aD0iMSIgaGVpZ2h0PSIxIiB4bWxucz0iaHR0cDovL3d3dy53My5vcmcvMjAwMC9zdmciPjwvc3ZnPg==\" style=\"--smush-placeholder-width: 1024px; --smush-placeholder-aspect-ratio: 1024\/459;\" \/><\/figure>\n<\/figure>\n","protected":false},"excerpt":{"rendered":"<p>Cuxhaven\u00a0ist eine Stadt an der M\u00fcndung der Elbe in die Nordsee. Sie liegt in Niedersachsen und ist bekannt f\u00fcr ihr einzigartiges\u00a0maritimes Flair, kilometerlange Str\u00e4nde und das faszinierende\u00a0Wattenmeer. Hier kannst du am Strand spazieren, die Strandpromenade entlang bummeln und im\u00a0Thalassozentrum ahoi!\u00a0die Heilkr\u00e4fte des Meeres genie\u00dfen. Au\u00dferdem lockt Cuxhaven mit Seer\u00e4ubergeschichten, Hafenflair und der M\u00f6glichkeit, Schiffe zu &hellip; <a href=\"https:\/\/www.greta-hessel.de\/Medienagentur\/cuxhaven\/\" class=\"more-link\"><span class=\"screen-reader-text\">Cuxhaven<\/span> weiterlesen <span class=\"meta-nav\">&rarr;<\/span><\/a><\/p>\n","protected":false},"author":1,"featured_media":0,"parent":0,"menu_order":0,"comment_status":"closed","ping_status":"closed","template":"","meta":{"_exactmetrics_skip_tracking":false,"_exactmetrics_sitenote_active":false,"_exactmetrics_sitenote_note":"","_exactmetrics_sitenote_category":0,"footnotes":""},"class_list":["post-2454","page","type-page","status-publish","hentry"],"_links":{"self":[{"href":"https:\/\/www.greta-hessel.de\/Medienagentur\/wp-json\/wp\/v2\/pages\/2454","targetHints":{"allow":["GET"]}}],"collection":[{"href":"https:\/\/www.greta-hessel.de\/Medienagentur\/wp-json\/wp\/v2\/pages"}],"about":[{"href":"https:\/\/www.greta-hessel.de\/Medienagentur\/wp-json\/wp\/v2\/types\/page"}],"author":[{"embeddable":true,"href":"https:\/\/www.greta-hessel.de\/Medienagentur\/wp-json\/wp\/v2\/users\/1"}],"replies":[{"embeddable":true,"href":"https:\/\/www.greta-hessel.de\/Medienagentur\/wp-json\/wp\/v2\/comments?post=2454"}],"version-history":[{"count":6,"href":"https:\/\/www.greta-hessel.de\/Medienagentur\/wp-json\/wp\/v2\/pages\/2454\/revisions"}],"predecessor-version":[{"id":2631,"href":"https:\/\/www.greta-hessel.de\/Medienagentur\/wp-json\/wp\/v2\/pages\/2454\/revisions\/2631"}],"wp:attachment":[{"href":"https:\/\/www.greta-hessel.de\/Medienagentur\/wp-json\/wp\/v2\/media?parent=2454"}],"curies":[{"name":"wp","href":"https:\/\/api.w.org\/{rel}","templated":true}]}}