{"id":26,"date":"2012-04-08T18:16:32","date_gmt":"2012-04-08T18:16:32","guid":{"rendered":"http:\/\/www.greta-hessel.de\/Medienagentur\/?page_id=26"},"modified":"2024-04-25T09:39:49","modified_gmt":"2024-04-25T07:39:49","slug":"impressum","status":"publish","type":"page","link":"https:\/\/www.greta-hessel.de\/Medienagentur\/impressum\/","title":{"rendered":"Impressum"},"content":{"rendered":"<div>\n<p>Angaben gem\u00e4\u00df Paragraph 5 TMG:<\/p>\n<p>Greta Hessel Phil. M.A.<\/p>\n<p>76530 Baden-Baden<\/p>\n<p>Lichtentaler Allee 86<\/p>\n<p>Tel.: 07221-3940363<\/p>\n<p>015142 430 504<\/p>\n<p>Email:\u00a0<a href=\"mailto:greta.hessel@t-online.de\">greta.hessel@t-online.de<\/a><\/p>\n<p>Verantwortlich f\u00fcr den Inhalt nach \u00a7 6 TMG: Greta Hessel,<\/p>\n<p>76530 Baden-Baden<\/p>\n<p>Lichtentaler Allee 86<\/p>\n<p>Tel.: 07221-3940363<\/p>\n<p>015142 430 504<\/p>\n<p>greta.hessel@t-online.de<\/p>\n<p>Weitere Webseiten:\u00a0<a href=\"http:\/\/www.greta-hessel.de\/\" target=\"_blank\" rel=\"noopener noreferrer\">www.greta-hessel.de<\/a>,\u00a0<a href=\"http:\/\/www.naturheilverein-baden.de\/\" target=\"_blank\" rel=\"noopener noreferrer\">www.naturheilverein-baden.de<\/a>,\u00a0<a href=\"http:\/\/www.xn--akademie-fr-naturtherapie-owc.de\/\" target=\"_blank\" rel=\"noopener noreferrer\">www.akademie-f\u00fcr-naturtherapie.de<\/a>,\u00a0<a href=\"http:\/\/www.gruenes-leben.com\/\" target=\"_blank\" rel=\"noopener noreferrer\">www.gruenes-leben.com<\/a>,\u00a0www.avance-lifestyle.de<\/p>\n<p>Copyrigt Fotos: Katarzyna Bia\u0142asiewicz \u2013 Poland \/ 123RF,<\/p>\n<p>Johan Larson \u2013 Australia \/123RF<\/p>\n<p>Wavebreak Media Ltd \u2013 Ireland \/ 123RF<\/p>\n<p>Urheber:\u00a0<a href=\"https:\/\/de.123rf.com\/profile_vadimgozhda\">vadimgozhda \/ 123RF Lizenzfreie Bilder,\u00a0\u00a0<\/a><\/p>\n<p>u. Texte: Hessel-Kommunikation<\/p>\n<p>Alle Texte sind urheberrechtlich \u00a9 gesch\u00fctzt! Vervielf\u00e4ltigungen und kopieren wird sofort mit Abmahnung verfolgt!<\/p>\n<p>Ust-IDNr.: DE 174 889397 Steuernummer\/Finanzamt: 33060-50451<\/p>\n<p>Webseitengestaltung: Hessel-Kommunikation\u00a0<a href=\"http:\/\/www.greta-hessel.de\/\">\u00a0www.greta-hessel.de<\/a><\/p>\n<p>Als Heilpraktikerin f\u00fcr Psychotherapie t\u00e4tig aufgrund der Erlaubnis zur Aus\u00fcbung der Heilkunde gem\u00e4\u00df \u00a7 1 Abs.1 des Gesetzes \u00fcber die Aus\u00fcbung der Heilkunde ohne Bestallung (Heilpraktikergesetz) vom 17.02.1939. Die Erlaubnis wurde durch das Gesundheitsamt Freiburg erteilt. Das Berufsbild des Heilpraktikers f\u00fcr Psychotherapie beinhaltet die berufsm\u00e4\u00dfige und eigenverantwortliche Aus\u00fcbung der psychotherapeutischen Heilkunde.<br \/>\nBefreit von der Umsatzsteuer nach \u00a7 4 UStG.<\/p>\n<p>Aufsichtsbeh\u00f6rde: Gesundheitsamt Freiburg<\/p>\n<p>Impressum: Berufsordnung f\u00fcr Heilpraktiker:<br \/>\nNachzulesen im Internet unter\u00a0<a href=\"http:\/\/www.freieheilpraktiker.com\/index.php?str_css=&amp;stat=cms_save&amp;l0_ID=105&amp;l1_ID=1&amp;l2_ID=7&amp;level3_show=\" target=\"_blank\" rel=\"noopener noreferrer\">Berufsordnung f\u00fcr Heilpraktiker<\/a>.<\/p>\n<p>Schweigepflicht &amp; Datenschutz:<\/p>\n<p>Heilpraktiker f\u00fcr Psychotherapie (HGP) unterliegen \u00e4hnlich wie \u00c4rzten einer\u00a0Schweigeplicht.<\/p>\n<p>Email: <a href=\"mailto:greta.hessel@t-online.de\">greta.hessel@t-online.de<\/a><\/p>\n<p>Weitere Webseiten: <a href=\"http:\/\/www.greta-hessel.de\/\" target=\"_blank\" rel=\"noopener noreferrer\">www.greta-hessel.de<\/a>, <a href=\"http:\/\/www.naturheilverein-baden.de\/\" target=\"_blank\" rel=\"noopener noreferrer\">www.naturheilverein-baden.de<\/a>, <a href=\"http:\/\/www.xn--akademie-fr-naturtherapie-owc.de\/\" target=\"_blank\" rel=\"noopener noreferrer\">www.akademie-f\u00fcr-naturtherapie.de<\/a>, www.psychologischeberatung-freiburg.de, <a href=\"http:\/\/www.gruenes-leben.com\/\" target=\"_blank\" rel=\"noopener noreferrer\">www.gruenes-leben.com<\/a>, www.avance-lifestyle.de<\/p>\n<p>Copyrigt Fotos u. Texte: Hessel-Kommunikation<\/p>\n<p>Alle Texte sind urheberrechtlich \u00a9 gesch\u00fctzt! Vervielf\u00e4ltigungen und kopieren wird sofort mit Abmahnung verfolgt!<\/p>\n<p>Ust-IDNr.: DE 174 889397 Steuernummer\/Finanzamt: 33060-50451<\/p>\n<p>Webseitengestaltung: Hessel-Kommunikation\u00a0<a href=\"http:\/\/www.greta-hessel.de\/\">\u00a0www.greta-hessel.de<\/a><\/p>\n<p>Interessante Links<\/p>\n<p>Nutzen Sie das ganze World Wide Web!<\/p>\n<p>Das Internet h\u00e4lt unz\u00e4hlige Informationen zu jedem beliebigen Thema bereit und bietet damit eine einmalige Chance zur einfachen Informationsbeschaffung.<\/p>\n<p>Wir haben auf dieser Seite informative Links f\u00fcr alle Interessierten zusammengestellt. So k\u00f6nnen Sie ganz entspannt surfen und sich zum Thema Ihrer Wahl noch umfassender informieren. Diese Links aktualisieren wir st\u00e4ndig, sodass Sie hier immer wieder den einen oder anderen zus\u00e4tzlichen Verweis finden. Schauen Sie also einfach \u00f6fter mal vorbei \u2013 es lohnt sich!<\/p>\n<p>Das Landgericht Hamburg hat mit Urteil vom 12.05.1998 entschieden, dass man durch das Setzen eines Links die Inhalte der verlinkten Seiten ggf. mit zu verantworten hat. Dies kann \u2013 so das LG \u2013 nur dadurch verhindert werden, dass man sich ausdr\u00fccklich von diesen Inhalten distanziert.<\/p>\n<p>Wir haben auf unserer Homepage Links zu anderen Seiten gesetzt. F\u00fcr all diese Links gilt: \u201cWir m\u00f6chten ausdr\u00fccklich betonen, dass wir keinerlei Einflu\u00df auf die Gestaltung und die Inhalte der hier verlinkten Seiten haben. Deshalb distanzieren wir uns hiermit ausdr\u00fccklich von allen Inhalten aller verlinkten Seiten auf dieser gesamten Website inkl. alle Unterseiten. Diese Erkl\u00e4rung gilt f\u00fcr alle auf unserer Homepage ausgebrachten Links und f\u00fcr alle Inhalte der Seiten, zu denen Links oder Banner f\u00fchren.\u201d<\/p>\n<h2>EU-Online Schlichtungshinweis:<\/h2>\n<p>Alternative Streitbeilegung gem\u00e4\u00df Artikel 14 Absatz 1, ODR-VO und \u00a7 36 VSBG<\/p>\n<p>Die Europ\u00e4ische Kommission stellt eine Plattform zur Online-Streitbeilegung (OS) bereit, die Sie unter www.<a href=\"http:\/\/www.ec.europa.eu\/consumers\/odr\/\">ec.europa.eu\/consumers\/odr\/<\/a> finden. Zur Teilnahme an einem Streitbeilegungsverfahren vor einer Verbraucherschlichtungsstelle sind wir nicht verpflichtet und nicht bereit.<\/p>\n<h2>Datenschutz<\/h2>\n<p>Wir verwenden Ihre Daten nur im Rahmen der gesetzlichen Bestimmungen. Unsere Datenschutzpraxis steht im Einklang mit dem Bundesdatenschutzgesetz (BDSG) sowie dem Telemediengesetz (TMG).<\/p>\n<p>Bei der Nutzung unserer Webseiten bleiben Sie anonym, solange Sie uns nicht von sich aus freiwillig personenbezogene Daten zur Verf\u00fcgung stellen. Personenbezogene Daten werden nur dann erhoben, wenn dies f\u00fcr die Nutzung der auf der Webseite angebotenen Leistungen, insbesondere Formularangebote, erforderlich ist. Wir weisen darauf hin, dass die Daten\u00fcbertragung im Internet, sofern diese nicht verschl\u00fcsselt \u00fcbertragen wird (z.B. bei der Kommunikation per E-Mail) Sicherheitsl\u00fccken aufweisen kann. Bei unverschl\u00fcsselter Daten\u00fcbertragung ist ein l\u00fcckenloser Schutz vor dem Zugriff durch Dritte nicht m\u00f6glich.<\/p>\n<p>Sie haben jederzeit ein Recht auf kostenlose Auskunft, Berichtigung, Sperrung und L\u00f6schung Ihrer gespeicherten Daten. Bitte wenden Sie sich \u00fcber unser Kontaktformular, per E-Mail, oder Telefon an uns oder senden Sie uns Ihr Verlangen per Post oder Fax.<\/p>\n<p>Wir geben Ihre personenbezogenen Daten einschlie\u00dflich Ihrer Haus- und E-Mail-Adresse keinesfalls ohne Ihre ausdr\u00fcckliche und jederzeit widerrufliche Einwilligung an Dritte weiter. Ausgenommen hiervon sind unsere Dienstleistungspartner im Online-Shop und Versandbereich, die zur Bestellabwicklung die \u00dcbermittlung von Daten ben\u00f6tigen (z.B. das mit der Zahlungsabwicklung beauftragte Kreditinstitut und der mit der Lieferung beauftragte Logistikpartner). In diesen F\u00e4llen beschr\u00e4nkt sich der Umfang der \u00fcbermittelten Daten jedoch auf das erforderliche Minimum.<\/p>\n<p>Im Rahmen der Benachrichtigung \u00fcber aktuelle Angebote und Produktneuheiten senden wir Ihnen bis auf Widerruf E-Mails nur zu, sofern Sie uns selbst Ihre E-Mail-Adresse zur Verf\u00fcgung gestellt haben. Dar\u00fcber hinaus nutzen wir Ihre E-Mail-Adresse nur f\u00fcr Informationsschreiben rund um Ihre Bestellung.<\/p>\n<p>Wir garantieren Ihnen, da\u00df wir Ihre pers\u00f6nlichen Daten keinesfalls ver\u00e4u\u00dfern. Wir setzen technische und organisatorische Sicherheitsma\u00dfnahmen ein, um Ihre durch uns verwalteten Daten gegen zuf\u00e4llige oder vors\u00e4tzliche Manipulationen, Verlust, Zerst\u00f6rung oder gegen den Zugriff unberechtigter Personen zu sch\u00fctzen.<\/p>\n<p>Datenschutzhinweise zur Nutzung von Google Analytics<br \/>\nDiese Website benutzt Google Analytics, einen Webanalysedienst der Google Inc. (\u201eGoogle\u201c). Google Analytics verwendet sog. \u201eCookies\u201c, Textdateien, die auf Ihrem Computer gespeichert werden und die eine Analyse der Benutzung der Website durch Sie erm\u00f6glichen. Die durch den Cookie erzeugten Informationen \u00fcber Ihre Benutzung dieser Website werden in der Regel an einen Server von Google in den USA \u00fcbertragen und dort gespeichert. Wir haben die IP-Anonymisierung auf dieser Webseite aktiviert, d.h. Ihre IP-Adresse wird von Google innerhalb von Mitgliedstaaten der Europ\u00e4ischen Union oder in anderen Vertragsstaaten des Abkommens \u00fcber den Europ\u00e4ischen Wirtschaftsraum zuvor gek\u00fcrzt. Eine Identifizierung des Besuchers der Website ist damit ausgeschlossen. Nur in Ausnahmef\u00e4llen wird die volle IP-Adresse an einen Server von Google in den USA \u00fcbertragen und dort gek\u00fcrzt. Im Auftrag des Betreibers dieser Website wird Google diese Informationen benutzen, um Ihre Nutzung der Website auszuwerten, um Reports \u00fcber die Websiteaktivit\u00e4ten zusammenzustellen und um weitere mit der Websitenutzung und der Internetnutzung verbundene Dienstleistungen gegen\u00fcber dem Websitebetreiber zu erbringen. Die im Rahmen von Google Analytics von Ihrem Browser \u00fcbermittelte IP-Adresse wird nicht mit anderen Daten von Google zusammengef\u00fchrt. Sie k\u00f6nnen die Speicherung der Cookies durch eine entsprechende Einstellung Ihrer Browser-Software verhindern; wir weisen Sie jedoch darauf hin, dass Sie in diesem Fall gegebenenfalls nicht s\u00e4mtliche Funktionen dieser Website vollumf\u00e4nglich werden nutzen k\u00f6nnen. Sie k\u00f6nnen dar\u00fcber hinaus die Erfassung der durch das Cookie erzeugten und auf Ihre Nutzung der Website bezogenen Daten (inkl. Ihrer IP-Adresse) an Google sowie die Verarbeitung dieser Daten durch Google verhindern, indem Sie die Google Analytics-Funktion durch die Installation eines <a href=\"http:\/\/tools.google.com\/dlpage\/gaoptout?hl=de\" target=\"_new\" rel=\"noopener noreferrer\">Browser\u00a0Add-on<\/a>deaktivieren.<\/p>\n<p>Haftungsausschluss<\/p>\n<p>1. Inhalt des Onlineangebotes<\/p>\n<p>Der Autor \u00fcbernimmt keinerlei Gew\u00e4hr f\u00fcr die Aktualit\u00e4t, Korrektheit, Vollst\u00e4ndigkeit oder Qualit\u00e4t der bereitgestellten Informationen. Haftungsanspr\u00fcche gegen den Autor, welche sich auf Sch\u00e4denmaterieller oder ideeller Art beziehen, die durch die Nutzung oder Nichtnutzung der dargebotenen Informationen bzw. durch die Nutzung fehlerhafter und unvollst\u00e4ndiger Informationen verursacht wurden, sind grunds\u00e4tzlich ausgeschlossen, sofern seitens des Autors kein nachweislich vors\u00e4tzliches oder grob fahrl\u00e4ssiges Verschulden vorliegt. Alle Angebote sind freibleibend und unverbindlich. Der Autor beh\u00e4lt es sich ausdr\u00fccklich vor, Teile der Seiten oder das gesamte Angebot ohne gesonderte Ank\u00fcndigung zu ver\u00e4ndern, zu erg\u00e4nzen, zu l\u00f6schen oder die Ver\u00f6ffentlichung zeitweise oder endg\u00fcltig einzustellen.<\/p>\n<p>2. Verweise und Links<\/p>\n<p>Bei direkten oder indirekten Verweisen auf fremde Webseiten (\u201eHyperlinks\u201c), die au\u00dferhalb des Verantwortungsbereiches des Autors liegen, w\u00fcrde eine Haftungsverpflichtung ausschlie\u00dflich in dem Fall in Kraft treten, in dem der Autor von den Inhalten Kenntnis hat und es ihm technisch m\u00f6glich und zumutbar w\u00e4re, die Nutzung im Falle rechtswidriger Inhalte zu verhindern.<\/p>\n<p>Der Autor erkl\u00e4rt hiermit ausdr\u00fccklich, dass zum Zeitpunkt der Linksetzung keine illegalen Inhalte auf den zu verlinkenden Seiten erkennbar waren. Auf die aktuelle und zuk\u00fcnftige Gestaltung, die Inhalte oder die Urheberschaft der verlinkten\/verkn\u00fcpften Seiten hat der Autor keinerlei Einfluss. Deshalb distanziert er sich hiermit ausdr\u00fccklich von allen Inhalten aller verlinkten \/verkn\u00fcpften Seiten, die nach der Linksetzung ver\u00e4ndert wurden. Diese Feststellung gilt f\u00fcr alle innerhalb des eigenen Internetangebotes gesetzten Links und Verweise sowie f\u00fcr Fremdeintr\u00e4ge in vom Autor eingerichteten G\u00e4steb\u00fcchern, Diskussionsforen, Linkverzeichnissen, Mailinglisten und in allen anderen Formen von Datenbanken, auf deren Inhalt externe Schreibzugriffe m\u00f6glich sind. F\u00fcr illegale, fehlerhafte oder unvollst\u00e4ndige Inhalte und insbesondere f\u00fcr Sch\u00e4den, die aus der Nutzung oder Nichtnutzung solcherart dargebotener Informationen entstehen, haftet allein der Anbieter der Seite, auf welche verwiesen wurde, nicht derjenige, der \u00fcber Links auf die jeweilige Ver\u00f6ffentlichung lediglich verweist.3. Urheber- und Kennzeichenrecht<\/p>\n<p>Der Autor ist bestrebt, in allen Publikationen die Urheberrechte der verwendeten Grafiken, Tondokumente, Videosequenzen und Texte zu beachten, von ihm selbst erstellte Grafiken, Tondokumente, Videosequenzen und Texte zu nutzen oder auf lizenzfreie Grafiken, Tondokumente, Videosequenzen und Texte zur\u00fcckzugreifen.<\/p>\n<p>Alle innerhalb des Internetangebotes genannten und ggf. durch Dritte gesch\u00fctzten Marken- und Warenzeichen unterliegen uneingeschr\u00e4nkt den Bestimmungen des jeweils g\u00fcltigen Kennzeichenrechts und den Besitzrechten der jeweiligen eingetragenen Eigent\u00fcmer. Allein aufgrund der blo\u00dfen Nennung ist nicht der Schluss zu ziehen, dass Markenzeichen nicht durch Rechte Dritter gesch\u00fctzt sind!<\/p>\n<p>Das Copyright f\u00fcr ver\u00f6ffentlichte, vom Autor selbst erstellte Objekte bleibt allein beim Autor der Seiten. Eine Vervielf\u00e4ltigung oder Verwendung solcher Grafiken, Tondokumente, Videosequenzen und Texte in anderen elektronischen oder gedruckten Publikationen ist ohne ausdr\u00fcckliche Zustimmung des Autors nicht gestattet.<\/p>\n<p>4. Datenschutz<br \/>\nSofern innerhalb des Internetangebotes die M\u00f6glichkeit zur Eingabe pers\u00f6nlicher oder gesch\u00e4ftlicher Daten (Emailadressen, Namen, Anschriften) besteht, so erfolgt die Preisgabe dieser Daten seitens des Nutzers auf ausdr\u00fccklich freiwilliger Basis. Die Inanspruchnahme und Bezahlung aller angebotenen Dienste ist \u2013 soweit technisch m\u00f6glich und zumutbar \u2013 auch ohne Angabe solcher Daten bzw. unter Angabe anonymisierter Daten oder eines Pseudonyms gestattet. Die Nutzung der im Rahmen des Impressums oder vergleichbarer Angaben ver\u00f6ffentlichten Kontaktdaten wie Postanschriften, Telefon- und Faxnummern sowie Emailadressen durch Dritte zur \u00dcbersendung von nicht ausdr\u00fccklich angeforderten Informationen ist nicht gestattet. Rechtliche Schritte gegen die Versender von sogenannten Spam-Mails bei Verst\u00f6ssen gegen dieses Verbot sind ausdr\u00fccklich vorbehalten. Dieser Haftungsausschluss ist als Teil des Internetangebotes zu betrachten, von dem aus auf diese Seite verwiesen wurde. Sofern Teile oder einzelne Formulierungen dieses Textes der geltenden Rechtslage nicht, nicht mehr oder nicht vollst\u00e4ndig entsprechen sollten, bleiben die \u00fcbrigen Teile des Dokumentes in ihrem Inhalt und ihrer G\u00fcltigkeit davon unber\u00fchrt.<\/p>\n<div>\n<p>\u00a0Widerrufsbelehrung<\/p>\n<div>\n<div>\n<p>Widerrufsrecht<\/p>\n<p>Sie haben das Recht, binnen vierzehn Tagen ohne Angabe von Gr\u00fcnden diesen Vertrag zu widerrufen.<\/p>\n<p>Die Widerrufsfrist betr\u00e4gt vierzehn Tage ab dem Tag des Vertragsabschlusses.<\/p>\n<p>Um Ihr Widerrufsrecht auszu\u00fcben, m\u00fcssen Sie uns (Hessel-Kommunikation), Greta Hessel Phil. M.A.<\/p>\n<p>76530 Baden-Baden<\/p>\n<p>Lichtentaler Allee 86<\/p>\n<p>Tel.: 07221-3940363<\/p>\n<p>015142 430 504<\/p>\n<p>greta.hessel@t-online.de<\/p>\n<p>mittels einer eindeutigen Erkl\u00e4rung (z.B. ein mit der Post versandter Brief, Telefax oder E-Mail) \u00fcber Ihren Entschluss, diesen Vertrag zu widerrufen, informieren. Sie k\u00f6nnen daf\u00fcr das beigef\u00fcgte Muster-Widerrufsformular verwenden, das jedoch nicht vorgeschrieben ist.<\/p>\n<p>Zur Wahrung der Widerrufsfrist reicht es aus, dass Sie die Mitteilung \u00fcber die Aus\u00fcbung des Widerrufsrechts vor Ablauf der Widerrufsfrist absenden.<\/p>\n<p>Folgen des Widerrufs<\/p>\n<p>Wenn Sie diesen Vertrag widerrufen, haben wir Ihnen alle Zahlungen, die wir von Ihnen erhalten haben, einschlie\u00dflich der Lieferkosten (mit Ausnahme der zus\u00e4tzlichen Kosten, die sich daraus ergeben, dass Sie eine andere Art der Lieferung als die von uns angebotene, g\u00fcnstigste Standardlieferung gew\u00e4hlt haben), unverz\u00fcglich und sp\u00e4testens binnen vierzehn Tagen ab dem Tag zur\u00fcckzuzahlen, an dem die Mitteilung \u00fcber Ihren Widerruf dieses Vertrags bei uns eingegangen ist. F\u00fcr diese R\u00fcckzahlung verwenden wir dasselbe Zahlungsmittel, das Sie bei der urspr\u00fcnglichen Transaktion eingesetzt haben, es sei denn, mit Ihnen wurde ausdr\u00fccklich etwas anderes vereinbart; in keinem Fall werden Ihnen wegen dieser R\u00fcckzahlung Entgelte berechnet.<\/p>\n<p>Haben Sie verlangt, dass die Dienstleistungen w\u00e4hrend der Widerrufsfrist beginnen sollen, so haben Sie uns einen angemessenen Betrag zu zahlen, der dem Anteil der bis zu dem Zeitpunkt, zu dem Sie uns von der Aus\u00fcbung des Widerrufsrechts hinsichtlich dieses Vertrags unterrichten, bereits erbrachten Dienstleistungen im Vergleich zum Gesamtumfang der im Vertrag vorgesehenen Dienstleistungen entspricht.<\/p>\n<\/div>\n<p>(Wenn Sie den Vertrag widerrufen wollen, dann f\u00fcllen Sie bitte dieses\u00a0<a href=\"http:\/\/www.philo-praxis.com\/wp-content\/uploads\/2012\/06\/widerrufsbelehrung-1.txt\">widerrufsbelehrung (1)<\/a>\u00a0aus und senden Sie es zur\u00fcck.)<\/p>\n<div>\n<p>\u2013 An<br \/>\nHessel-Kommunikation<\/p>\n<p>76530 Baden-Baden<\/p>\n<p>Lichtentaler Allee 86<\/p>\n<p>Tel.: 07221-3940363<\/p>\n<p>015142 430 504<\/p>\n<p>E-Mail: greta.hessel@t-online.de<\/p>\n<p>\u2013 Hiermit widerrufe(n) ich\/wir (*) den von mir\/uns (*) abgeschlossenen Vertrag \u00fcber den Kauf der folgenden Waren (*)\/ die Erbringung der folgenden Dienstleistung (*)<\/p>\n<p>\u2013 Bestellt am (*)\/erhalten am (*)<\/p>\n<p>\u2013 Name des\/der Verbraucher(s)<\/p>\n<p>\u2013 Anschrift des\/der Verbraucher(s)<\/p>\n<p>\u2013 Unterschrift des\/der Verbraucher(s) (nur bei Mitteilung auf Papier)<\/p>\n<p>\u2013 Datum<\/p>\n<\/div>\n<\/div>\n<\/div>\n<\/div>\n","protected":false},"excerpt":{"rendered":"<p>Angaben gem\u00e4\u00df Paragraph 5 TMG: Greta Hessel Phil. M.A. 76530 Baden-Baden Lichtentaler Allee 86 Tel.: 07221-3940363 015142 430 504 Email:\u00a0greta.hessel@t-online.de Verantwortlich f\u00fcr den Inhalt nach \u00a7 6 TMG: Greta Hessel, 76530 Baden-Baden Lichtentaler Allee 86 Tel.: 07221-3940363 015142 430 504 greta.hessel@t-online.de Weitere Webseiten:\u00a0www.greta-hessel.de,\u00a0www.naturheilverein-baden.de,\u00a0www.akademie-f\u00fcr-naturtherapie.de,\u00a0www.gruenes-leben.com,\u00a0www.avance-lifestyle.de Copyrigt Fotos: Katarzyna Bia\u0142asiewicz \u2013 Poland \/ 123RF, Johan Larson \u2013 Australia &hellip; <a href=\"https:\/\/www.greta-hessel.de\/Medienagentur\/impressum\/\" class=\"more-link\"><span class=\"screen-reader-text\">Impressum<\/span> weiterlesen <span class=\"meta-nav\">&rarr;<\/span><\/a><\/p>\n","protected":false},"author":1,"featured_media":0,"parent":0,"menu_order":0,"comment_status":"closed","ping_status":"closed","template":"","meta":{"_exactmetrics_skip_tracking":false,"_exactmetrics_sitenote_active":false,"_exactmetrics_sitenote_note":"","_exactmetrics_sitenote_category":0,"footnotes":""},"class_list":["post-26","page","type-page","status-publish","hentry"],"_links":{"self":[{"href":"https:\/\/www.greta-hessel.de\/Medienagentur\/wp-json\/wp\/v2\/pages\/26","targetHints":{"allow":["GET"]}}],"collection":[{"href":"https:\/\/www.greta-hessel.de\/Medienagentur\/wp-json\/wp\/v2\/pages"}],"about":[{"href":"https:\/\/www.greta-hessel.de\/Medienagentur\/wp-json\/wp\/v2\/types\/page"}],"author":[{"embeddable":true,"href":"https:\/\/www.greta-hessel.de\/Medienagentur\/wp-json\/wp\/v2\/users\/1"}],"replies":[{"embeddable":true,"href":"https:\/\/www.greta-hessel.de\/Medienagentur\/wp-json\/wp\/v2\/comments?post=26"}],"version-history":[{"count":17,"href":"https:\/\/www.greta-hessel.de\/Medienagentur\/wp-json\/wp\/v2\/pages\/26\/revisions"}],"predecessor-version":[{"id":2399,"href":"https:\/\/www.greta-hessel.de\/Medienagentur\/wp-json\/wp\/v2\/pages\/26\/revisions\/2399"}],"wp:attachment":[{"href":"https:\/\/www.greta-hessel.de\/Medienagentur\/wp-json\/wp\/v2\/media?parent=26"}],"curies":[{"name":"wp","href":"https:\/\/api.w.org\/{rel}","templated":true}]}}